{"id":4379,"date":"2024-10-16T21:04:28","date_gmt":"2024-10-16T21:04:28","guid":{"rendered":"https:\/\/deerybrook.com\/barbieri\/"},"modified":"2026-03-21T19:39:25","modified_gmt":"2026-03-21T19:39:25","slug":"barbieri","status":"publish","type":"page","link":"https:\/\/deerybrook.com\/hu\/partnerek\/barbieri\/","title":{"rendered":"Barbieri"},"content":{"rendered":"\t\t<div data-elementor-type=\"wp-page\" data-elementor-id=\"4379\" class=\"elementor elementor-4379 elementor-4362\" data-elementor-post-type=\"page\">\n\t\t\t\t<div class=\"elementor-element elementor-element-7de3cd15 e-flex e-con-boxed e-con e-parent\" data-id=\"7de3cd15\" data-element_type=\"container\" data-e-type=\"container\">\n\t\t\t\t\t<div class=\"e-con-inner\">\n\t\t\t\t<div class=\"elementor-element elementor-element-984e017 elementor-widget elementor-widget-image\" data-id=\"984e017\" data-element_type=\"widget\" data-e-type=\"widget\" data-widget_type=\"image.default\">\n\t\t\t\t<div class=\"elementor-widget-container\">\n\t\t\t\t\t\t\t\t\t\t\t\t\t\t\t<img fetchpriority=\"high\" decoding=\"async\" width=\"601\" height=\"104\" src=\"https:\/\/deerybrook.com\/wp-content\/uploads\/2019\/10\/barbieri_logo.png\" class=\"attachment-full size-full wp-image-1725\" alt=\"\" srcset=\"https:\/\/deerybrook.com\/wp-content\/uploads\/2019\/10\/barbieri_logo.png 601w, https:\/\/deerybrook.com\/wp-content\/uploads\/2019\/10\/barbieri_logo-300x52.png 300w, https:\/\/deerybrook.com\/wp-content\/uploads\/2019\/10\/barbieri_logo-600x104.png 600w\" sizes=\"(max-width: 601px) 100vw, 601px\" \/>\t\t\t\t\t\t\t\t\t\t\t\t\t\t\t<\/div>\n\t\t\t\t<\/div>\n\t\t\t\t<div class=\"elementor-element elementor-element-7f4f77a7 elementor-widget elementor-widget-text-editor\" data-id=\"7f4f77a7\" data-element_type=\"widget\" data-e-type=\"widget\" data-widget_type=\"text-editor.default\">\n\t\t\t\t<div class=\"elementor-widget-container\">\n\t\t\t\t\t\t\t\t\t<header class=\"entry-header\">\n<div class=\"taxonomy-description\">\n<p>A BARBIERI hull\u00e1mforraszt\u00e1si \u00e9s tiszt\u00edt\u00e1si megold\u00e1sok sz\u00e1ll\u00edt\u00e1s\u00e1ra szakosodott, bele\u00e9rtve a folyamatszab\u00e1lyoz\u00e1shoz sz\u00fcks\u00e9ges berendez\u00e9seket is (termikus profilm\u00e9r\u0151k \u00e9s kontaminom\u00e9terek). A BARBIERI az olasz piacon vezet\u0151 v\u00e1llalatt\u00e1 v\u00e1lt az elektronikai ipar sz\u00e1m\u00e1ra k\u00e9sz\u00fclt fogy\u00f3anyagok forgalmaz\u00e1s\u00e1ban.<\/p>\n<\/div>\n<\/header>\n\t\t\t\t\t\t\t\t<\/div>\n\t\t\t\t<\/div>\n\t\t\t\t\t<\/div>\n\t\t\t\t<\/div>\n\t\t<div class=\"elementor-element elementor-element-2a4c1ee2 e-flex e-con-boxed e-con e-parent\" data-id=\"2a4c1ee2\" data-element_type=\"container\" data-e-type=\"container\">\n\t\t\t\t\t<div class=\"e-con-inner\">\n\t\t\t\t<div class=\"elementor-element elementor-element-11d9c6ee elementor-widget elementor-widget-n-accordion\" data-id=\"11d9c6ee\" data-element_type=\"widget\" data-e-type=\"widget\" data-settings=\"{&quot;default_state&quot;:&quot;expanded&quot;,&quot;max_items_expended&quot;:&quot;one&quot;,&quot;n_accordion_animation_duration&quot;:{&quot;unit&quot;:&quot;ms&quot;,&quot;size&quot;:400,&quot;sizes&quot;:[]}}\" data-widget_type=\"nested-accordion.default\">\n\t\t\t\t<div class=\"elementor-widget-container\">\n\t\t\t\t\t\t\t<div class=\"e-n-accordion\" aria-label=\"Accordion. Open links with Enter or Space, close with Escape, and navigate with Arrow Keys\">\n\t\t\t\t\t\t<details id=\"e-n-accordion-item-2990\" class=\"e-n-accordion-item\" open>\n\t\t\t\t<summary class=\"e-n-accordion-item-title\" data-accordion-index=\"1\" tabindex=\"0\" aria-expanded=\"true\" aria-controls=\"e-n-accordion-item-2990\" >\n\t\t\t\t\t<span class='e-n-accordion-item-title-header'><div class=\"e-n-accordion-item-title-text\"> Spot-On forraszt\u00f3maszk paszta <\/div><\/span>\n\t\t\t\t\t\t\t<span class='e-n-accordion-item-title-icon'>\n\t\t\t<span class='e-opened' ><svg aria-hidden=\"true\" class=\"e-font-icon-svg e-fas-minus\" viewBox=\"0 0 448 512\" xmlns=\"http:\/\/www.w3.org\/2000\/svg\"><path d=\"M416 208H32c-17.67 0-32 14.33-32 32v32c0 17.67 14.33 32 32 32h384c17.67 0 32-14.33 32-32v-32c0-17.67-14.33-32-32-32z\"><\/path><\/svg><\/span>\n\t\t\t<span class='e-closed'><svg aria-hidden=\"true\" class=\"e-font-icon-svg e-fas-plus\" viewBox=\"0 0 448 512\" xmlns=\"http:\/\/www.w3.org\/2000\/svg\"><path d=\"M416 208H272V64c0-17.67-14.33-32-32-32h-32c-17.67 0-32 14.33-32 32v144H32c-17.67 0-32 14.33-32 32v32c0 17.67 14.33 32 32 32h144v144c0 17.67 14.33 32 32 32h32c17.67 0 32-14.33 32-32V304h144c17.67 0 32-14.33 32-32v-32c0-17.67-14.33-32-32-32z\"><\/path><\/svg><\/span>\n\t\t<\/span>\n\n\t\t\t\t\t\t<\/summary>\n\t\t\t\t<div role=\"region\" aria-labelledby=\"e-n-accordion-item-2990\" class=\"elementor-element elementor-element-6d776aa1 e-con-full e-flex e-con e-child\" data-id=\"6d776aa1\" data-element_type=\"container\" data-e-type=\"container\">\n\t\t\t\t<div class=\"elementor-element elementor-element-1767d8a3 elementor-widget__width-initial elementor-widget elementor-widget-text-editor\" data-id=\"1767d8a3\" data-element_type=\"widget\" data-e-type=\"widget\" data-widget_type=\"text-editor.default\">\n\t\t\t\t<div class=\"elementor-widget-container\">\n\t\t\t\t\t\t\t\t\t<p>Kis sz\u00e9ri\u00e1s gy\u00e1rt\u00e1s eset\u00e9n, amikor a hull\u00e1mforraszt\u00e1s sor\u00e1n bizonyos ter\u00fcleteket v\u00e9deni kell az olvadt forraszanyagt\u00f3l, a legk\u00e9nyelmesebb megold\u00e1s egy ideiglenes forraszt\u00f3maszk anyag haszn\u00e1lata, amely a v\u00e9dend\u0151 fel\u00fcletekre felvihet\u0151. A Barbieri ilyen anyagot k\u00edn\u00e1l, amely k\u00f6nnyen haszn\u00e1lhat\u00f3, gazdas\u00e1gos \u00e9s nem vesz\u00e9lyes. Amennyiben szelekt\u00edv forraszt\u00e1sra van sz\u00fcks\u00e9g a paneljein, \u00e9s nem rendelkezik szelekt\u00edv forraszt\u00f3g\u00e9ppel, k\u00e9rj\u00fck, vegye fel vel\u00fcnk a kapcsolatot a PLS2000 anyaggal kapcsolatban.<\/p>\n<ul>\n<li>A forraszt\u00f3maszk (solder resist) a PCB gy\u00e1rt\u00e1sa sor\u00e1n ker\u00fcl felvitelre \u2013 a pontos illeszt\u00e9s kulcsfontoss\u00e1g\u00fa<\/li>\n<li>Lehets\u00e9ges a k\u00e9zi ideiglenes maszkol\u00e1s<\/li>\n<li>Az \u00e1rny\u00e9kol\u00e1si hat\u00e1s elt\u00e9r\u0151<\/li>\n<li>A szag az anyagrendszert\u0151l f\u00fcgg<\/li>\n<li>Id\u0151nk\u00e9nt az ideiglenes maszkol\u00f3 anyagot alkatr\u00e9szek r\u00f6gz\u00edt\u00e9s\u00e9re is haszn\u00e1lj\u00e1k a forraszt\u00e1si folyamat idej\u00e9re<\/li>\n<\/ul>\n\t\t\t\t\t\t\t\t<\/div>\n\t\t\t\t<\/div>\n\t\t\t\t<div class=\"elementor-element elementor-element-2dff74b2 elementor-widget elementor-widget-shortcode\" data-id=\"2dff74b2\" data-element_type=\"widget\" data-e-type=\"widget\" data-widget_type=\"shortcode.default\">\n\t\t\t\t<div class=\"elementor-widget-container\">\n\t\t\t\t\t\t\t<div class=\"elementor-shortcode\">\n<table id=\"tablepress-15\" class=\"tablepress tablepress-id-15\">\n<thead>\n<tr class=\"row-1\">\n\t<th class=\"column-1\">Product<\/th><th class=\"column-2\"><meta charset=\"utf-8\"\/>Manufacturer Part Number<\/th>\n<\/tr>\n<\/thead>\n<tbody class=\"row-striping row-hover\">\n<tr class=\"row-2\">\n\t<td class=\"column-1\">PLS 2000 SOLDER MASK PASTE<\/td><td class=\"column-2\">PLS2000250<\/td>\n<\/tr>\n<\/tbody>\n<\/table>\n<!-- #tablepress-15 from cache --><\/div>\n\t\t\t\t\t\t<\/div>\n\t\t\t\t<\/div>\n\t\t\t\t<div class=\"elementor-element elementor-element-da4cef4 elementor-widget elementor-widget-image\" data-id=\"da4cef4\" data-element_type=\"widget\" data-e-type=\"widget\" data-widget_type=\"image.default\">\n\t\t\t\t<div class=\"elementor-widget-container\">\n\t\t\t\t\t\t\t\t\t\t\t\t\t\t\t<img decoding=\"async\" width=\"1200\" height=\"857\" src=\"https:\/\/deerybrook.com\/wp-content\/uploads\/2022\/01\/IMG_0622.jpeg\" class=\"attachment-full size-full wp-image-3727\" alt=\"Barbieri Solder Mask Paste\" srcset=\"https:\/\/deerybrook.com\/wp-content\/uploads\/2022\/01\/IMG_0622.jpeg 1200w, https:\/\/deerybrook.com\/wp-content\/uploads\/2022\/01\/IMG_0622-650x464.jpeg 650w, https:\/\/deerybrook.com\/wp-content\/uploads\/2022\/01\/IMG_0622-1024x731.jpeg 1024w, https:\/\/deerybrook.com\/wp-content\/uploads\/2022\/01\/IMG_0622-768x548.jpeg 768w\" sizes=\"(max-width: 1200px) 100vw, 1200px\" \/>\t\t\t\t\t\t\t\t\t\t\t\t\t\t\t<\/div>\n\t\t\t\t<\/div>\n\t\t\t\t<\/div>\n\t\t\t\t\t<\/details>\n\t\t\t\t\t<\/div>\n\t\t\t\t\t\t<\/div>\n\t\t\t\t<\/div>\n\t\t\t\t\t<\/div>\n\t\t\t\t<\/div>\n\t\t<div class=\"elementor-element elementor-element-1157e9ec e-flex e-con-boxed e-con e-parent\" data-id=\"1157e9ec\" data-element_type=\"container\" data-e-type=\"container\" data-settings=\"{&quot;background_background&quot;:&quot;classic&quot;}\">\n\t\t\t\t\t<div class=\"e-con-inner\">\n\t\t\t\t<div class=\"elementor-element elementor-element-4b4bc657 animated-slow elementor-invisible elementor-widget elementor-widget-heading\" data-id=\"4b4bc657\" data-element_type=\"widget\" data-e-type=\"widget\" data-settings=\"{&quot;_animation&quot;:&quot;fadeIn&quot;}\" data-widget_type=\"heading.default\">\n\t\t\t\t<div class=\"elementor-widget-container\">\n\t\t\t\t\t<h2 class=\"elementor-heading-title elementor-size-default\">K\u00e9szen \u00e1ll a rendel\u00e9sre? L\u00e9pjen kapcsolatba vel\u00fcnk most!<\/h2>\t\t\t\t<\/div>\n\t\t\t\t<\/div>\n\t\t\t\t<div class=\"elementor-element elementor-element-27ac512e elementor-invisible elementor-widget elementor-widget-text-editor\" data-id=\"27ac512e\" data-element_type=\"widget\" data-e-type=\"widget\" data-settings=\"{&quot;_animation&quot;:&quot;fadeIn&quot;,&quot;_animation_delay&quot;:200}\" data-widget_type=\"text-editor.default\">\n\t\t\t\t<div class=\"elementor-widget-container\">\n\t\t\t\t\t\t\t\t\t<p>Mondja el, mire van sz\u00fcks\u00e9ge az aj\u00e1nlatk\u00e9r\u0151 \u0171rlap kit\u00f6lt\u00e9s\u00e9vel, \u00e9s mi r\u00f6vid id\u0151n bel\u00fcl felvessz\u00fck \u00d6nnel a kapcsolatot!<\/p>\n\t\t\t\t\t\t\t\t<\/div>\n\t\t\t\t<\/div>\n\t\t\t\t<div class=\"elementor-element elementor-element-38cfcb24 elementor-mobile-align-justify animated-fast elementor-align-center elementor-invisible elementor-widget elementor-widget-button\" data-id=\"38cfcb24\" data-element_type=\"widget\" data-e-type=\"widget\" data-settings=\"{&quot;_animation&quot;:&quot;fadeIn&quot;,&quot;_animation_delay&quot;:400}\" data-widget_type=\"button.default\">\n\t\t\t\t<div class=\"elementor-widget-container\">\n\t\t\t\t\t\t\t\t\t<div class=\"elementor-button-wrapper\">\n\t\t\t\t\t<a class=\"elementor-button elementor-button-link elementor-size-sm elementor-animation-float\" href=\"#\">\n\t\t\t\t\t\t<span class=\"elementor-button-content-wrapper\">\n\t\t\t\t\t\t\t\t\t<span class=\"elementor-button-text\">Aj\u00e1nlatk\u00e9r\u00e9s<\/span>\n\t\t\t\t\t<\/span>\n\t\t\t\t\t<\/a>\n\t\t\t\t<\/div>\n\t\t\t\t\t\t\t\t<\/div>\n\t\t\t\t<\/div>\n\t\t\t\t\t<\/div>\n\t\t\t\t<\/div>\n\t\t\t\t<\/div>\n\t\t","protected":false},"excerpt":{"rendered":"<p>A BARBIERI hull\u00e1mforraszt\u00e1si \u00e9s tiszt\u00edt\u00e1si megold\u00e1sok sz\u00e1ll\u00edt\u00e1s\u00e1ra szakosodott, bele\u00e9rtve a folyamatszab\u00e1lyoz\u00e1shoz sz\u00fcks\u00e9ges berendez\u00e9seket is (termikus profilm\u00e9r\u0151k \u00e9s kontaminom\u00e9terek). A BARBIERI az olasz piacon vezet\u0151 v\u00e1llalatt\u00e1 v\u00e1lt az elektronikai ipar sz\u00e1m\u00e1ra k\u00e9sz\u00fclt fogy\u00f3anyagok forgalmaz\u00e1s\u00e1ban. Spot-On forraszt\u00f3maszk paszta Kis sz\u00e9ri\u00e1s gy\u00e1rt\u00e1s eset\u00e9n, amikor a hull\u00e1mforraszt\u00e1s sor\u00e1n bizonyos ter\u00fcleteket v\u00e9deni kell az olvadt forraszanyagt\u00f3l, a legk\u00e9nyelmesebb megold\u00e1s egy [&hellip;]<\/p>\n","protected":false},"author":19,"featured_media":0,"parent":5414,"menu_order":0,"comment_status":"closed","ping_status":"closed","template":"","meta":{"footnotes":""},"class_list":["post-4379","page","type-page","status-publish","hentry"],"yoast_head":"<!-- This site is optimized with the Yoast SEO plugin v27.4 - https:\/\/yoast.com\/product\/yoast-seo-wordpress\/ -->\n<title>Barbieri - Deery Brook<\/title>\n<meta name=\"robots\" content=\"index, follow, max-snippet:-1, max-image-preview:large, max-video-preview:-1\" \/>\n<link rel=\"canonical\" href=\"https:\/\/deerybrook.com\/hu\/partnerek\/barbieri\/\" \/>\n<meta property=\"og:locale\" content=\"hu_HU\" \/>\n<meta property=\"og:type\" content=\"article\" \/>\n<meta property=\"og:title\" content=\"Barbieri - Deery Brook\" \/>\n<meta property=\"og:description\" content=\"A BARBIERI hull\u00e1mforraszt\u00e1si \u00e9s tiszt\u00edt\u00e1si megold\u00e1sok sz\u00e1ll\u00edt\u00e1s\u00e1ra szakosodott, bele\u00e9rtve a folyamatszab\u00e1lyoz\u00e1shoz sz\u00fcks\u00e9ges berendez\u00e9seket is (termikus profilm\u00e9r\u0151k \u00e9s kontaminom\u00e9terek). A BARBIERI az olasz piacon vezet\u0151 v\u00e1llalatt\u00e1 v\u00e1lt az elektronikai ipar sz\u00e1m\u00e1ra k\u00e9sz\u00fclt fogy\u00f3anyagok forgalmaz\u00e1s\u00e1ban. Spot-On forraszt\u00f3maszk paszta Kis sz\u00e9ri\u00e1s gy\u00e1rt\u00e1s eset\u00e9n, amikor a hull\u00e1mforraszt\u00e1s sor\u00e1n bizonyos ter\u00fcleteket v\u00e9deni kell az olvadt forraszanyagt\u00f3l, a legk\u00e9nyelmesebb megold\u00e1s egy [&hellip;]\" \/>\n<meta property=\"og:url\" content=\"https:\/\/deerybrook.com\/hu\/partnerek\/barbieri\/\" \/>\n<meta property=\"og:site_name\" content=\"Deery Brook\" \/>\n<meta property=\"article:modified_time\" content=\"2026-03-21T19:39:25+00:00\" \/>\n<meta property=\"og:image\" content=\"https:\/\/deerybrook.com\/wp-content\/uploads\/2019\/10\/barbieri_logo.png\" \/>\n\t<meta property=\"og:image:width\" content=\"601\" \/>\n\t<meta property=\"og:image:height\" content=\"104\" \/>\n\t<meta property=\"og:image:type\" content=\"image\/png\" \/>\n<meta name=\"twitter:card\" content=\"summary_large_image\" \/>\n<meta name=\"twitter:label1\" content=\"Becs\u00fclt olvas\u00e1si id\u0151\" \/>\n\t<meta name=\"twitter:data1\" content=\"2 perc\" \/>\n<script type=\"application\/ld+json\" class=\"yoast-schema-graph\">{\"@context\":\"https:\\\/\\\/schema.org\",\"@graph\":[{\"@type\":\"WebPage\",\"@id\":\"https:\\\/\\\/deerybrook.com\\\/hu\\\/partnerek\\\/barbieri\\\/\",\"url\":\"https:\\\/\\\/deerybrook.com\\\/hu\\\/partnerek\\\/barbieri\\\/\",\"name\":\"Barbieri - Deery Brook\",\"isPartOf\":{\"@id\":\"https:\\\/\\\/deerybrook.com\\\/hu\\\/#website\"},\"primaryImageOfPage\":{\"@id\":\"https:\\\/\\\/deerybrook.com\\\/hu\\\/partnerek\\\/barbieri\\\/#primaryimage\"},\"image\":{\"@id\":\"https:\\\/\\\/deerybrook.com\\\/hu\\\/partnerek\\\/barbieri\\\/#primaryimage\"},\"thumbnailUrl\":\"https:\\\/\\\/deerybrook.com\\\/wp-content\\\/uploads\\\/2019\\\/10\\\/barbieri_logo.png\",\"datePublished\":\"2024-10-16T21:04:28+00:00\",\"dateModified\":\"2026-03-21T19:39:25+00:00\",\"breadcrumb\":{\"@id\":\"https:\\\/\\\/deerybrook.com\\\/hu\\\/partnerek\\\/barbieri\\\/#breadcrumb\"},\"inLanguage\":\"hu\",\"potentialAction\":[{\"@type\":\"ReadAction\",\"target\":[\"https:\\\/\\\/deerybrook.com\\\/hu\\\/partnerek\\\/barbieri\\\/\"]}]},{\"@type\":\"ImageObject\",\"inLanguage\":\"hu\",\"@id\":\"https:\\\/\\\/deerybrook.com\\\/hu\\\/partnerek\\\/barbieri\\\/#primaryimage\",\"url\":\"https:\\\/\\\/deerybrook.com\\\/wp-content\\\/uploads\\\/2019\\\/10\\\/barbieri_logo.png\",\"contentUrl\":\"https:\\\/\\\/deerybrook.com\\\/wp-content\\\/uploads\\\/2019\\\/10\\\/barbieri_logo.png\"},{\"@type\":\"BreadcrumbList\",\"@id\":\"https:\\\/\\\/deerybrook.com\\\/hu\\\/partnerek\\\/barbieri\\\/#breadcrumb\",\"itemListElement\":[{\"@type\":\"ListItem\",\"position\":1,\"name\":\"Home\",\"item\":\"https:\\\/\\\/deerybrook.com\\\/hu\\\/fooldal\\\/\"},{\"@type\":\"ListItem\",\"position\":2,\"name\":\"Partnerek\",\"item\":\"https:\\\/\\\/deerybrook.com\\\/hu\\\/partnerek\\\/\"},{\"@type\":\"ListItem\",\"position\":3,\"name\":\"Barbieri\"}]},{\"@type\":\"WebSite\",\"@id\":\"https:\\\/\\\/deerybrook.com\\\/hu\\\/#website\",\"url\":\"https:\\\/\\\/deerybrook.com\\\/hu\\\/\",\"name\":\"Deery Brook\",\"description\":\"Solutions, materials and services for your electronics assembly business\",\"publisher\":{\"@id\":\"https:\\\/\\\/deerybrook.com\\\/hu\\\/#organization\"},\"potentialAction\":[{\"@type\":\"SearchAction\",\"target\":{\"@type\":\"EntryPoint\",\"urlTemplate\":\"https:\\\/\\\/deerybrook.com\\\/hu\\\/?s={search_term_string}\"},\"query-input\":{\"@type\":\"PropertyValueSpecification\",\"valueRequired\":true,\"valueName\":\"search_term_string\"}}],\"inLanguage\":\"hu\"},{\"@type\":\"Organization\",\"@id\":\"https:\\\/\\\/deerybrook.com\\\/hu\\\/#organization\",\"name\":\"Deerybrook\",\"url\":\"https:\\\/\\\/deerybrook.com\\\/hu\\\/\",\"logo\":{\"@type\":\"ImageObject\",\"inLanguage\":\"hu\",\"@id\":\"https:\\\/\\\/deerybrook.com\\\/hu\\\/#\\\/schema\\\/logo\\\/image\\\/\",\"url\":\"https:\\\/\\\/deerybrook.com\\\/wp-content\\\/uploads\\\/2019\\\/10\\\/deerybrook-logo-text-black.png\",\"contentUrl\":\"https:\\\/\\\/deerybrook.com\\\/wp-content\\\/uploads\\\/2019\\\/10\\\/deerybrook-logo-text-black.png\",\"width\":518,\"height\":125,\"caption\":\"Deerybrook\"},\"image\":{\"@id\":\"https:\\\/\\\/deerybrook.com\\\/hu\\\/#\\\/schema\\\/logo\\\/image\\\/\"}}]}<\/script>\n<!-- \/ Yoast SEO plugin. -->","yoast_head_json":{"title":"Barbieri - Deery Brook","robots":{"index":"index","follow":"follow","max-snippet":"max-snippet:-1","max-image-preview":"max-image-preview:large","max-video-preview":"max-video-preview:-1"},"canonical":"https:\/\/deerybrook.com\/hu\/partnerek\/barbieri\/","og_locale":"hu_HU","og_type":"article","og_title":"Barbieri - Deery Brook","og_description":"A BARBIERI hull\u00e1mforraszt\u00e1si \u00e9s tiszt\u00edt\u00e1si megold\u00e1sok sz\u00e1ll\u00edt\u00e1s\u00e1ra szakosodott, bele\u00e9rtve a folyamatszab\u00e1lyoz\u00e1shoz sz\u00fcks\u00e9ges berendez\u00e9seket is (termikus profilm\u00e9r\u0151k \u00e9s kontaminom\u00e9terek). A BARBIERI az olasz piacon vezet\u0151 v\u00e1llalatt\u00e1 v\u00e1lt az elektronikai ipar sz\u00e1m\u00e1ra k\u00e9sz\u00fclt fogy\u00f3anyagok forgalmaz\u00e1s\u00e1ban. Spot-On forraszt\u00f3maszk paszta Kis sz\u00e9ri\u00e1s gy\u00e1rt\u00e1s eset\u00e9n, amikor a hull\u00e1mforraszt\u00e1s sor\u00e1n bizonyos ter\u00fcleteket v\u00e9deni kell az olvadt forraszanyagt\u00f3l, a legk\u00e9nyelmesebb megold\u00e1s egy [&hellip;]","og_url":"https:\/\/deerybrook.com\/hu\/partnerek\/barbieri\/","og_site_name":"Deery Brook","article_modified_time":"2026-03-21T19:39:25+00:00","og_image":[{"width":601,"height":104,"url":"https:\/\/deerybrook.com\/wp-content\/uploads\/2019\/10\/barbieri_logo.png","type":"image\/png"}],"twitter_card":"summary_large_image","twitter_misc":{"Becs\u00fclt olvas\u00e1si id\u0151":"2 perc"},"schema":{"@context":"https:\/\/schema.org","@graph":[{"@type":"WebPage","@id":"https:\/\/deerybrook.com\/hu\/partnerek\/barbieri\/","url":"https:\/\/deerybrook.com\/hu\/partnerek\/barbieri\/","name":"Barbieri - Deery Brook","isPartOf":{"@id":"https:\/\/deerybrook.com\/hu\/#website"},"primaryImageOfPage":{"@id":"https:\/\/deerybrook.com\/hu\/partnerek\/barbieri\/#primaryimage"},"image":{"@id":"https:\/\/deerybrook.com\/hu\/partnerek\/barbieri\/#primaryimage"},"thumbnailUrl":"https:\/\/deerybrook.com\/wp-content\/uploads\/2019\/10\/barbieri_logo.png","datePublished":"2024-10-16T21:04:28+00:00","dateModified":"2026-03-21T19:39:25+00:00","breadcrumb":{"@id":"https:\/\/deerybrook.com\/hu\/partnerek\/barbieri\/#breadcrumb"},"inLanguage":"hu","potentialAction":[{"@type":"ReadAction","target":["https:\/\/deerybrook.com\/hu\/partnerek\/barbieri\/"]}]},{"@type":"ImageObject","inLanguage":"hu","@id":"https:\/\/deerybrook.com\/hu\/partnerek\/barbieri\/#primaryimage","url":"https:\/\/deerybrook.com\/wp-content\/uploads\/2019\/10\/barbieri_logo.png","contentUrl":"https:\/\/deerybrook.com\/wp-content\/uploads\/2019\/10\/barbieri_logo.png"},{"@type":"BreadcrumbList","@id":"https:\/\/deerybrook.com\/hu\/partnerek\/barbieri\/#breadcrumb","itemListElement":[{"@type":"ListItem","position":1,"name":"Home","item":"https:\/\/deerybrook.com\/hu\/fooldal\/"},{"@type":"ListItem","position":2,"name":"Partnerek","item":"https:\/\/deerybrook.com\/hu\/partnerek\/"},{"@type":"ListItem","position":3,"name":"Barbieri"}]},{"@type":"WebSite","@id":"https:\/\/deerybrook.com\/hu\/#website","url":"https:\/\/deerybrook.com\/hu\/","name":"Deery Brook","description":"Solutions, materials and services for your electronics assembly business","publisher":{"@id":"https:\/\/deerybrook.com\/hu\/#organization"},"potentialAction":[{"@type":"SearchAction","target":{"@type":"EntryPoint","urlTemplate":"https:\/\/deerybrook.com\/hu\/?s={search_term_string}"},"query-input":{"@type":"PropertyValueSpecification","valueRequired":true,"valueName":"search_term_string"}}],"inLanguage":"hu"},{"@type":"Organization","@id":"https:\/\/deerybrook.com\/hu\/#organization","name":"Deerybrook","url":"https:\/\/deerybrook.com\/hu\/","logo":{"@type":"ImageObject","inLanguage":"hu","@id":"https:\/\/deerybrook.com\/hu\/#\/schema\/logo\/image\/","url":"https:\/\/deerybrook.com\/wp-content\/uploads\/2019\/10\/deerybrook-logo-text-black.png","contentUrl":"https:\/\/deerybrook.com\/wp-content\/uploads\/2019\/10\/deerybrook-logo-text-black.png","width":518,"height":125,"caption":"Deerybrook"},"image":{"@id":"https:\/\/deerybrook.com\/hu\/#\/schema\/logo\/image\/"}}]}},"_links":{"self":[{"href":"https:\/\/deerybrook.com\/hu\/wp-json\/wp\/v2\/pages\/4379","targetHints":{"allow":["GET"]}}],"collection":[{"href":"https:\/\/deerybrook.com\/hu\/wp-json\/wp\/v2\/pages"}],"about":[{"href":"https:\/\/deerybrook.com\/hu\/wp-json\/wp\/v2\/types\/page"}],"author":[{"embeddable":true,"href":"https:\/\/deerybrook.com\/hu\/wp-json\/wp\/v2\/users\/19"}],"replies":[{"embeddable":true,"href":"https:\/\/deerybrook.com\/hu\/wp-json\/wp\/v2\/comments?post=4379"}],"version-history":[{"count":9,"href":"https:\/\/deerybrook.com\/hu\/wp-json\/wp\/v2\/pages\/4379\/revisions"}],"predecessor-version":[{"id":7344,"href":"https:\/\/deerybrook.com\/hu\/wp-json\/wp\/v2\/pages\/4379\/revisions\/7344"}],"up":[{"embeddable":true,"href":"https:\/\/deerybrook.com\/hu\/wp-json\/wp\/v2\/pages\/5414"}],"wp:attachment":[{"href":"https:\/\/deerybrook.com\/hu\/wp-json\/wp\/v2\/media?parent=4379"}],"curies":[{"name":"wp","href":"https:\/\/api.w.org\/{rel}","templated":true}]}}