{"id":4410,"date":"2024-10-16T21:16:58","date_gmt":"2024-10-16T21:16:58","guid":{"rendered":"https:\/\/deerybrook.com\/tecnometal\/"},"modified":"2026-03-21T19:51:14","modified_gmt":"2026-03-21T19:51:14","slug":"tecnometal","status":"publish","type":"page","link":"https:\/\/deerybrook.com\/hu\/partnerek\/tecnometal\/","title":{"rendered":"Tecnometal"},"content":{"rendered":"\t\t<div data-elementor-type=\"wp-page\" data-elementor-id=\"4410\" class=\"elementor elementor-4410 elementor-4404\" data-elementor-post-type=\"page\">\n\t\t\t\t<div class=\"elementor-element elementor-element-3448d398 e-flex e-con-boxed e-con e-parent\" data-id=\"3448d398\" data-element_type=\"container\" data-e-type=\"container\">\n\t\t\t\t\t<div class=\"e-con-inner\">\n\t\t\t\t<div class=\"elementor-element elementor-element-ee93c2a elementor-widget elementor-widget-image\" data-id=\"ee93c2a\" data-element_type=\"widget\" data-e-type=\"widget\" data-widget_type=\"image.default\">\n\t\t\t\t<div class=\"elementor-widget-container\">\n\t\t\t\t\t\t\t\t\t\t\t\t\t\t\t<img decoding=\"async\" width=\"371\" height=\"72\" src=\"https:\/\/deerybrook.com\/wp-content\/uploads\/2024\/11\/tecnometal-logo.webp\" class=\"attachment-large size-large wp-image-5376\" alt=\"\" \/>\t\t\t\t\t\t\t\t\t\t\t\t\t\t\t<\/div>\n\t\t\t\t<\/div>\n\t\t\t\t<div class=\"elementor-element elementor-element-65ea7413 elementor-widget elementor-widget-text-editor\" data-id=\"65ea7413\" data-element_type=\"widget\" data-e-type=\"widget\" data-widget_type=\"text-editor.default\">\n\t\t\t\t<div class=\"elementor-widget-container\">\n\t\t\t\t\t\t\t\t\t<header class=\"entry-header\">\n<div class=\"taxonomy-description\">\n<p>A jelenlegi, nagy volumen\u0171 PWB (nyomtatott \u00e1ramk\u00f6ri lap) besz\u00e1ll\u00edt\u00f3k mellett a T\u00e1vol-Keletr\u0151l, sz\u00e1mos esetben a gyors \u00e1tfut\u00e1si idej\u0171 kis sz\u00e9ri\u00e1k kulcsfontoss\u00e1g\u00faak a term\u00e9kfejleszt\u00e9s sor\u00e1n. Kis- \u00e9s k\u00f6zepes sz\u00e9ri\u00e1j\u00fa \u00e1ramk\u00f6ri lapokat a Tecnometal versenyk\u00e9pes \u00e1ron k\u00e9pes sz\u00e1ll\u00edtani az EU-n bel\u00fcl. A Tecnometal magas szint\u0171 technol\u00f3giai k\u00e9pess\u00e9gekkel rendelkezik, \u00e9s a Semi-Flex \u00e1ramk\u00f6ri lapok fejleszt\u0151je is egyben. A Tecnometal a tervez\u00e9si ig\u00e9nyek t\u00e1mogat\u00e1s\u00e1t is biztos\u00edtja.<\/p>\n<\/div>\n<\/header>\n\t\t\t\t\t\t\t\t<\/div>\n\t\t\t\t<\/div>\n\t\t\t\t\t<\/div>\n\t\t\t\t<\/div>\n\t\t<div class=\"elementor-element elementor-element-4c6a1f5f e-flex e-con-boxed e-con e-parent\" data-id=\"4c6a1f5f\" data-element_type=\"container\" data-e-type=\"container\">\n\t\t\t\t\t<div class=\"e-con-inner\">\n\t\t\t\t<div class=\"elementor-element elementor-element-5cef37fa elementor-widget elementor-widget-n-accordion\" data-id=\"5cef37fa\" data-element_type=\"widget\" data-e-type=\"widget\" data-settings=\"{&quot;default_state&quot;:&quot;all_collapsed&quot;,&quot;max_items_expended&quot;:&quot;one&quot;,&quot;n_accordion_animation_duration&quot;:{&quot;unit&quot;:&quot;ms&quot;,&quot;size&quot;:400,&quot;sizes&quot;:[]}}\" data-widget_type=\"nested-accordion.default\">\n\t\t\t\t<div class=\"elementor-widget-container\">\n\t\t\t\t\t\t\t<div class=\"e-n-accordion\" aria-label=\"Accordion. Open links with Enter or Space, close with Escape, and navigate with Arrow Keys\">\n\t\t\t\t\t\t<details id=\"e-n-accordion-item-1550\" class=\"e-n-accordion-item\" >\n\t\t\t\t<summary class=\"e-n-accordion-item-title\" data-accordion-index=\"1\" tabindex=\"0\" aria-expanded=\"false\" aria-controls=\"e-n-accordion-item-1550\" >\n\t\t\t\t\t<span class='e-n-accordion-item-title-header'><div class=\"e-n-accordion-item-title-text\"> Tervez\u00e9si szolg\u00e1ltat\u00e1sok <\/div><\/span>\n\t\t\t\t\t\t\t<span class='e-n-accordion-item-title-icon'>\n\t\t\t<span class='e-opened' ><svg aria-hidden=\"true\" class=\"e-font-icon-svg e-fas-minus\" viewBox=\"0 0 448 512\" xmlns=\"http:\/\/www.w3.org\/2000\/svg\"><path d=\"M416 208H32c-17.67 0-32 14.33-32 32v32c0 17.67 14.33 32 32 32h384c17.67 0 32-14.33 32-32v-32c0-17.67-14.33-32-32-32z\"><\/path><\/svg><\/span>\n\t\t\t<span class='e-closed'><svg aria-hidden=\"true\" class=\"e-font-icon-svg e-fas-plus\" viewBox=\"0 0 448 512\" xmlns=\"http:\/\/www.w3.org\/2000\/svg\"><path d=\"M416 208H272V64c0-17.67-14.33-32-32-32h-32c-17.67 0-32 14.33-32 32v144H32c-17.67 0-32 14.33-32 32v32c0 17.67 14.33 32 32 32h144v144c0 17.67 14.33 32 32 32h32c17.67 0 32-14.33 32-32V304h144c17.67 0 32-14.33 32-32v-32c0-17.67-14.33-32-32-32z\"><\/path><\/svg><\/span>\n\t\t<\/span>\n\n\t\t\t\t\t\t<\/summary>\n\t\t\t\t<div role=\"region\" aria-labelledby=\"e-n-accordion-item-1550\" class=\"elementor-element elementor-element-8f65636 e-con-full e-flex e-con e-child\" data-id=\"8f65636\" data-element_type=\"container\" data-e-type=\"container\">\n\t\t\t\t<div class=\"elementor-element elementor-element-61a8bbf0 elementor-widget__width-initial elementor-widget elementor-widget-text-editor\" data-id=\"61a8bbf0\" data-element_type=\"widget\" data-e-type=\"widget\" data-widget_type=\"text-editor.default\">\n\t\t\t\t<div class=\"elementor-widget-container\">\n\t\t\t\t\t\t\t\t\t<div class=\"entry-content\">\r\n<p data-start=\"587\" data-end=\"989\">Egy \u00faj projekt ind\u00edt\u00e1sakor, k\u00fcl\u00f6n\u00f6sen \u00faj technol\u00f3gi\u00e1k eset\u00e9n, \u00e9rdemes tapasztalt partnert v\u00e1lasztani, amely tervez\u00e9si \u00e9s gy\u00e1rt\u00e1si k\u00e9pess\u00e9gekkel is rendelkezik multilayer, speci\u00e1lis anyag\u00fa, flexibilis \u00e9s nagy h\u0151\u00e1ll\u00f3s\u00e1g\u00fa alapanyag\u00fa \u00e1ramk\u00f6ri lapok eset\u00e9ben. A TECNOMETAL k\u00e9pes tervez\u00e9si t\u00e1mogat\u00e1st ny\u00fajtani elektronikai gy\u00e1rt\u00f3k sz\u00e1m\u00e1ra. K\u00e9rj\u00fck, vegye fel vel\u00fcnk a kapcsolatot, ha ilyen jelleg\u0171 ig\u00e9nye van.<\/p>\r\n\r\n<\/div>\t\t\t\t\t\t\t\t<\/div>\n\t\t\t\t<\/div>\n\t\t\t\t<\/div>\n\t\t\t\t\t<\/details>\n\t\t\t\t\t\t<details id=\"e-n-accordion-item-1551\" class=\"e-n-accordion-item\" >\n\t\t\t\t<summary class=\"e-n-accordion-item-title\" data-accordion-index=\"2\" tabindex=\"-1\" aria-expanded=\"false\" aria-controls=\"e-n-accordion-item-1551\" >\n\t\t\t\t\t<span class='e-n-accordion-item-title-header'><div class=\"e-n-accordion-item-title-text\"> Gyors PCB protot\u00edpusgy\u00e1rt\u00e1s <\/div><\/span>\n\t\t\t\t\t\t\t<span class='e-n-accordion-item-title-icon'>\n\t\t\t<span class='e-opened' ><svg aria-hidden=\"true\" class=\"e-font-icon-svg e-fas-minus\" viewBox=\"0 0 448 512\" xmlns=\"http:\/\/www.w3.org\/2000\/svg\"><path d=\"M416 208H32c-17.67 0-32 14.33-32 32v32c0 17.67 14.33 32 32 32h384c17.67 0 32-14.33 32-32v-32c0-17.67-14.33-32-32-32z\"><\/path><\/svg><\/span>\n\t\t\t<span class='e-closed'><svg aria-hidden=\"true\" class=\"e-font-icon-svg e-fas-plus\" viewBox=\"0 0 448 512\" xmlns=\"http:\/\/www.w3.org\/2000\/svg\"><path d=\"M416 208H272V64c0-17.67-14.33-32-32-32h-32c-17.67 0-32 14.33-32 32v144H32c-17.67 0-32 14.33-32 32v32c0 17.67 14.33 32 32 32h144v144c0 17.67 14.33 32 32 32h32c17.67 0 32-14.33 32-32V304h144c17.67 0 32-14.33 32-32v-32c0-17.67-14.33-32-32-32z\"><\/path><\/svg><\/span>\n\t\t<\/span>\n\n\t\t\t\t\t\t<\/summary>\n\t\t\t\t<div role=\"region\" aria-labelledby=\"e-n-accordion-item-1551\" class=\"elementor-element elementor-element-4d3d24fd e-con-full e-flex e-con e-child\" data-id=\"4d3d24fd\" data-element_type=\"container\" data-e-type=\"container\">\n\t\t\t\t<div class=\"elementor-element elementor-element-48165b7b elementor-widget elementor-widget-text-editor\" data-id=\"48165b7b\" data-element_type=\"widget\" data-e-type=\"widget\" data-widget_type=\"text-editor.default\">\n\t\t\t\t<div class=\"elementor-widget-container\">\n\t\t\t\t\t\t\t\t\t<div class=\"entry-content\">\n<div class=\"flex flex-col text-sm pb-25\">\n<section class=\"text-token-text-primary w-full focus:outline-none [--shadow-height:45px] has-data-writing-block:pointer-events-none has-data-writing-block:-mt-(--shadow-height) has-data-writing-block:pt-(--shadow-height) [&amp;:has([data-writing-block])&gt;*]:pointer-events-auto scroll-mt-[calc(var(--header-height)+min(200px,max(70px,20svh)))]\" dir=\"auto\" data-turn-id=\"request-69afd477-65e0-832a-8fc9-6701eac44476-17\" data-testid=\"conversation-turn-214\" data-scroll-anchor=\"true\" data-turn=\"assistant\">\n<div class=\"text-base my-auto mx-auto pb-10 [--thread-content-margin:var(--thread-content-margin-xs,calc(var(--spacing)*4))] @w-sm\/main:[--thread-content-margin:var(--thread-content-margin-sm,calc(var(--spacing)*6))] @w-lg\/main:[--thread-content-margin:var(--thread-content-margin-lg,calc(var(--spacing)*16))] px-(--thread-content-margin)\">\n<div class=\"[--thread-content-max-width:40rem] @w-lg\/main:[--thread-content-max-width:48rem] mx-auto max-w-(--thread-content-max-width) flex-1 group\/turn-messages focus-visible:outline-hidden relative flex w-full min-w-0 flex-col agent-turn\">\n<div class=\"flex max-w-full flex-col gap-4 grow\">\n<div class=\"min-h-8 text-message relative flex w-full flex-col items-end gap-2 text-start break-words whitespace-normal outline-none keyboard-focused:focus-ring [.text-message+&amp;]:mt-1\" dir=\"auto\" tabindex=\"0\" data-message-author-role=\"assistant\" data-message-id=\"c9b0a9e4-7e02-4529-a199-7bf4aebc9778\" data-message-model-slug=\"gpt-5-mini\" data-turn-start-message=\"true\">\n<div class=\"flex w-full flex-col gap-1 empty:hidden\">\n<div class=\"markdown prose dark:prose-invert w-full wrap-break-word dark markdown-new-styling\">\n<p data-start=\"991\" data-end=\"1733\" data-is-last-node=\"\" data-is-only-node=\"\">Mi t\u00f6rt\u00e9nik, ha csup\u00e1n 10\u2013100 darab \u00e1ramk\u00f6ri lapra van sz\u00fcks\u00e9ge gyorsan, \u00e9s a min\u0151s\u00e9g kiemelten fontos? \u00c1ltal\u00e1ban nem c\u00e9lszer\u0171 az EU-n k\u00edv\u00fclr\u0151l rendelni, mivel a sz\u00e1ll\u00edt\u00e1s \u00e9s a v\u00e1mkezel\u00e9s lass\u00fa lehet, \u00e9s az \u00e1r is viszonylag magas lehet ilyen kis mennyis\u00e9gek eset\u00e9n. A Deery Brook SRL a TECNOMETAL partnere, amely az EU-n bel\u00fcl gyors \u00e1tfut\u00e1si idej\u0171 kis sz\u00e9ri\u00e1s \u00e1ramk\u00f6ri lapok gy\u00e1rt\u00f3ja. A protot\u00edpus \u00e9s kis sz\u00e9ri\u00e1s gy\u00e1rt\u00e1si k\u00e9pess\u00e9gek mellett a TECNOMETAL nagy volumen\u0171 gy\u00e1rt\u00e1st is biztos\u00edt alv\u00e1llalkoz\u00e1sban, versenyk\u00e9pes \u00e1ron. Ezekn\u00e9l a megrendel\u00e9sekn\u00e9l is az EU-n bel\u00fcl t\u00f6rt\u00e9nik a kapcsolattart\u00e1s \u00e9s a min\u0151s\u00e9g\u00e9rt val\u00f3 felel\u0151ss\u00e9g. Emellett sz\u00e9les anyagv\u00e1laszt\u00e9k is el\u00e9rhet\u0151. K\u00e9rj\u00fck, vegye fel vel\u00fcnk a kapcsolatot, ha ilyen jelleg\u0171 ig\u00e9nye van.<\/p>\n<\/div>\n<p><\/div>\n<p><\/div>\n<p><\/div>\n<p><\/div>\n<p><\/div>\n<p><\/section>\n<\/div>\n<p><\/div>\n\t\t\t\t\t\t\t\t<\/div>\n\t\t\t\t<\/div>\n\t\t\t\t<\/div>\n\t\t\t\t\t<\/details>\n\t\t\t\t\t<\/div>\n\t\t\t\t\t\t<\/div>\n\t\t\t\t<\/div>\n\t\t\t\t\t<\/div>\n\t\t\t\t<\/div>\n\t\t<div class=\"elementor-element elementor-element-1d25ce40 e-flex e-con-boxed e-con e-parent\" data-id=\"1d25ce40\" data-element_type=\"container\" data-e-type=\"container\" data-settings=\"{&quot;background_background&quot;:&quot;classic&quot;}\">\n\t\t\t\t\t<div class=\"e-con-inner\">\n\t\t\t\t<div class=\"elementor-element elementor-element-674c0de8 animated-slow elementor-invisible elementor-widget elementor-widget-heading\" data-id=\"674c0de8\" data-element_type=\"widget\" data-e-type=\"widget\" data-settings=\"{&quot;_animation&quot;:&quot;fadeIn&quot;}\" data-widget_type=\"heading.default\">\n\t\t\t\t<div class=\"elementor-widget-container\">\n\t\t\t\t\t<h2 class=\"elementor-heading-title elementor-size-default\">K\u00e9szen \u00e1ll a rendel\u00e9sre? L\u00e9pjen kapcsolatba vel\u00fcnk most!<\/h2>\t\t\t\t<\/div>\n\t\t\t\t<\/div>\n\t\t\t\t<div class=\"elementor-element elementor-element-49ec6c51 elementor-invisible elementor-widget elementor-widget-text-editor\" data-id=\"49ec6c51\" data-element_type=\"widget\" data-e-type=\"widget\" data-settings=\"{&quot;_animation&quot;:&quot;fadeIn&quot;,&quot;_animation_delay&quot;:200}\" data-widget_type=\"text-editor.default\">\n\t\t\t\t<div class=\"elementor-widget-container\">\n\t\t\t\t\t\t\t\t\t<div class=\"elementor-element elementor-element-3559d088 elementor-widget elementor-widget-text-editor animated fadeIn\" data-id=\"3559d088\" data-element_type=\"widget\" data-e-type=\"widget\" data-settings=\"{&quot;_animation&quot;:&quot;fadeIn&quot;,&quot;_animation_delay&quot;:200}\" data-widget_type=\"text-editor.default\">\n<div class=\"elementor-widget-container\">\n<p data-start=\"159\" data-end=\"277\">Mondja el, mire van sz\u00fcks\u00e9ge az aj\u00e1nlatk\u00e9r\u0151 \u0171rlap kit\u00f6lt\u00e9s\u00e9vel, \u00e9s mi r\u00f6vid id\u0151n bel\u00fcl felvessz\u00fck \u00d6nnel a kapcsolatot!<\/p>\n<\/div>\n<p><\/div>\n\t\t\t\t\t\t\t\t<\/div>\n\t\t\t\t<\/div>\n\t\t\t\t<div class=\"elementor-element elementor-element-648959c6 elementor-mobile-align-justify animated-fast elementor-align-center elementor-invisible elementor-widget elementor-widget-button\" data-id=\"648959c6\" data-element_type=\"widget\" data-e-type=\"widget\" data-settings=\"{&quot;_animation&quot;:&quot;fadeIn&quot;,&quot;_animation_delay&quot;:400}\" data-widget_type=\"button.default\">\n\t\t\t\t<div class=\"elementor-widget-container\">\n\t\t\t\t\t\t\t\t\t<div class=\"elementor-button-wrapper\">\n\t\t\t\t\t<a class=\"elementor-button elementor-button-link elementor-size-sm elementor-animation-float\" href=\"#\">\n\t\t\t\t\t\t<span class=\"elementor-button-content-wrapper\">\n\t\t\t\t\t\t\t\t\t<span class=\"elementor-button-text\">Aj\u00e1nlatk\u00e9r\u00e9s<\/span>\n\t\t\t\t\t<\/span>\n\t\t\t\t\t<\/a>\n\t\t\t\t<\/div>\n\t\t\t\t\t\t\t\t<\/div>\n\t\t\t\t<\/div>\n\t\t\t\t\t<\/div>\n\t\t\t\t<\/div>\n\t\t\t\t<\/div>\n\t\t","protected":false},"excerpt":{"rendered":"<p>A jelenlegi, nagy volumen\u0171 PWB (nyomtatott \u00e1ramk\u00f6ri lap) besz\u00e1ll\u00edt\u00f3k mellett a T\u00e1vol-Keletr\u0151l, sz\u00e1mos esetben a gyors \u00e1tfut\u00e1si idej\u0171 kis sz\u00e9ri\u00e1k kulcsfontoss\u00e1g\u00faak a term\u00e9kfejleszt\u00e9s sor\u00e1n. Kis- \u00e9s k\u00f6zepes sz\u00e9ri\u00e1j\u00fa \u00e1ramk\u00f6ri lapokat a Tecnometal versenyk\u00e9pes \u00e1ron k\u00e9pes sz\u00e1ll\u00edtani az EU-n bel\u00fcl. A Tecnometal magas szint\u0171 technol\u00f3giai k\u00e9pess\u00e9gekkel rendelkezik, \u00e9s a Semi-Flex \u00e1ramk\u00f6ri lapok fejleszt\u0151je is egyben. A [&hellip;]<\/p>\n","protected":false},"author":19,"featured_media":0,"parent":5414,"menu_order":0,"comment_status":"closed","ping_status":"closed","template":"","meta":{"footnotes":""},"class_list":["post-4410","page","type-page","status-publish","hentry"],"yoast_head":"<!-- This site is optimized with the Yoast SEO plugin v27.4 - https:\/\/yoast.com\/product\/yoast-seo-wordpress\/ -->\n<title>Tecnometal - Deery Brook<\/title>\n<meta name=\"robots\" content=\"index, follow, max-snippet:-1, max-image-preview:large, max-video-preview:-1\" \/>\n<link rel=\"canonical\" href=\"https:\/\/deerybrook.com\/hu\/partnerek\/tecnometal\/\" \/>\n<meta property=\"og:locale\" content=\"hu_HU\" \/>\n<meta property=\"og:type\" content=\"article\" \/>\n<meta property=\"og:title\" content=\"Tecnometal - Deery Brook\" \/>\n<meta property=\"og:description\" content=\"A jelenlegi, nagy volumen\u0171 PWB (nyomtatott \u00e1ramk\u00f6ri lap) besz\u00e1ll\u00edt\u00f3k mellett a T\u00e1vol-Keletr\u0151l, sz\u00e1mos esetben a gyors \u00e1tfut\u00e1si idej\u0171 kis sz\u00e9ri\u00e1k kulcsfontoss\u00e1g\u00faak a term\u00e9kfejleszt\u00e9s sor\u00e1n. Kis- \u00e9s k\u00f6zepes sz\u00e9ri\u00e1j\u00fa \u00e1ramk\u00f6ri lapokat a Tecnometal versenyk\u00e9pes \u00e1ron k\u00e9pes sz\u00e1ll\u00edtani az EU-n bel\u00fcl. A Tecnometal magas szint\u0171 technol\u00f3giai k\u00e9pess\u00e9gekkel rendelkezik, \u00e9s a Semi-Flex \u00e1ramk\u00f6ri lapok fejleszt\u0151je is egyben. A [&hellip;]\" \/>\n<meta property=\"og:url\" content=\"https:\/\/deerybrook.com\/hu\/partnerek\/tecnometal\/\" \/>\n<meta property=\"og:site_name\" content=\"Deery Brook\" \/>\n<meta property=\"article:modified_time\" content=\"2026-03-21T19:51:14+00:00\" \/>\n<meta property=\"og:image\" content=\"https:\/\/deerybrook.com\/wp-content\/uploads\/2024\/11\/tecnometal-logo.webp\" \/>\n\t<meta property=\"og:image:width\" content=\"371\" \/>\n\t<meta property=\"og:image:height\" content=\"72\" \/>\n\t<meta property=\"og:image:type\" content=\"image\/webp\" \/>\n<meta name=\"twitter:card\" content=\"summary_large_image\" \/>\n<meta name=\"twitter:label1\" content=\"Becs\u00fclt olvas\u00e1si id\u0151\" \/>\n\t<meta name=\"twitter:data1\" content=\"3 perc\" \/>\n<script type=\"application\/ld+json\" class=\"yoast-schema-graph\">{\"@context\":\"https:\\\/\\\/schema.org\",\"@graph\":[{\"@type\":\"WebPage\",\"@id\":\"https:\\\/\\\/deerybrook.com\\\/hu\\\/partnerek\\\/tecnometal\\\/\",\"url\":\"https:\\\/\\\/deerybrook.com\\\/hu\\\/partnerek\\\/tecnometal\\\/\",\"name\":\"Tecnometal - Deery Brook\",\"isPartOf\":{\"@id\":\"https:\\\/\\\/deerybrook.com\\\/hu\\\/#website\"},\"primaryImageOfPage\":{\"@id\":\"https:\\\/\\\/deerybrook.com\\\/hu\\\/partnerek\\\/tecnometal\\\/#primaryimage\"},\"image\":{\"@id\":\"https:\\\/\\\/deerybrook.com\\\/hu\\\/partnerek\\\/tecnometal\\\/#primaryimage\"},\"thumbnailUrl\":\"https:\\\/\\\/deerybrook.com\\\/wp-content\\\/uploads\\\/2024\\\/11\\\/tecnometal-logo.webp\",\"datePublished\":\"2024-10-16T21:16:58+00:00\",\"dateModified\":\"2026-03-21T19:51:14+00:00\",\"breadcrumb\":{\"@id\":\"https:\\\/\\\/deerybrook.com\\\/hu\\\/partnerek\\\/tecnometal\\\/#breadcrumb\"},\"inLanguage\":\"hu\",\"potentialAction\":[{\"@type\":\"ReadAction\",\"target\":[\"https:\\\/\\\/deerybrook.com\\\/hu\\\/partnerek\\\/tecnometal\\\/\"]}]},{\"@type\":\"ImageObject\",\"inLanguage\":\"hu\",\"@id\":\"https:\\\/\\\/deerybrook.com\\\/hu\\\/partnerek\\\/tecnometal\\\/#primaryimage\",\"url\":\"https:\\\/\\\/deerybrook.com\\\/wp-content\\\/uploads\\\/2024\\\/11\\\/tecnometal-logo.webp\",\"contentUrl\":\"https:\\\/\\\/deerybrook.com\\\/wp-content\\\/uploads\\\/2024\\\/11\\\/tecnometal-logo.webp\"},{\"@type\":\"BreadcrumbList\",\"@id\":\"https:\\\/\\\/deerybrook.com\\\/hu\\\/partnerek\\\/tecnometal\\\/#breadcrumb\",\"itemListElement\":[{\"@type\":\"ListItem\",\"position\":1,\"name\":\"Home\",\"item\":\"https:\\\/\\\/deerybrook.com\\\/hu\\\/fooldal\\\/\"},{\"@type\":\"ListItem\",\"position\":2,\"name\":\"Partnerek\",\"item\":\"https:\\\/\\\/deerybrook.com\\\/hu\\\/partnerek\\\/\"},{\"@type\":\"ListItem\",\"position\":3,\"name\":\"Tecnometal\"}]},{\"@type\":\"WebSite\",\"@id\":\"https:\\\/\\\/deerybrook.com\\\/hu\\\/#website\",\"url\":\"https:\\\/\\\/deerybrook.com\\\/hu\\\/\",\"name\":\"Deery Brook\",\"description\":\"Solutions, materials and services for your electronics assembly business\",\"publisher\":{\"@id\":\"https:\\\/\\\/deerybrook.com\\\/hu\\\/#organization\"},\"potentialAction\":[{\"@type\":\"SearchAction\",\"target\":{\"@type\":\"EntryPoint\",\"urlTemplate\":\"https:\\\/\\\/deerybrook.com\\\/hu\\\/?s={search_term_string}\"},\"query-input\":{\"@type\":\"PropertyValueSpecification\",\"valueRequired\":true,\"valueName\":\"search_term_string\"}}],\"inLanguage\":\"hu\"},{\"@type\":\"Organization\",\"@id\":\"https:\\\/\\\/deerybrook.com\\\/hu\\\/#organization\",\"name\":\"Deerybrook\",\"url\":\"https:\\\/\\\/deerybrook.com\\\/hu\\\/\",\"logo\":{\"@type\":\"ImageObject\",\"inLanguage\":\"hu\",\"@id\":\"https:\\\/\\\/deerybrook.com\\\/hu\\\/#\\\/schema\\\/logo\\\/image\\\/\",\"url\":\"https:\\\/\\\/deerybrook.com\\\/wp-content\\\/uploads\\\/2019\\\/10\\\/deerybrook-logo-text-black.png\",\"contentUrl\":\"https:\\\/\\\/deerybrook.com\\\/wp-content\\\/uploads\\\/2019\\\/10\\\/deerybrook-logo-text-black.png\",\"width\":518,\"height\":125,\"caption\":\"Deerybrook\"},\"image\":{\"@id\":\"https:\\\/\\\/deerybrook.com\\\/hu\\\/#\\\/schema\\\/logo\\\/image\\\/\"}}]}<\/script>\n<!-- \/ Yoast SEO plugin. -->","yoast_head_json":{"title":"Tecnometal - Deery Brook","robots":{"index":"index","follow":"follow","max-snippet":"max-snippet:-1","max-image-preview":"max-image-preview:large","max-video-preview":"max-video-preview:-1"},"canonical":"https:\/\/deerybrook.com\/hu\/partnerek\/tecnometal\/","og_locale":"hu_HU","og_type":"article","og_title":"Tecnometal - Deery Brook","og_description":"A jelenlegi, nagy volumen\u0171 PWB (nyomtatott \u00e1ramk\u00f6ri lap) besz\u00e1ll\u00edt\u00f3k mellett a T\u00e1vol-Keletr\u0151l, sz\u00e1mos esetben a gyors \u00e1tfut\u00e1si idej\u0171 kis sz\u00e9ri\u00e1k kulcsfontoss\u00e1g\u00faak a term\u00e9kfejleszt\u00e9s sor\u00e1n. Kis- \u00e9s k\u00f6zepes sz\u00e9ri\u00e1j\u00fa \u00e1ramk\u00f6ri lapokat a Tecnometal versenyk\u00e9pes \u00e1ron k\u00e9pes sz\u00e1ll\u00edtani az EU-n bel\u00fcl. A Tecnometal magas szint\u0171 technol\u00f3giai k\u00e9pess\u00e9gekkel rendelkezik, \u00e9s a Semi-Flex \u00e1ramk\u00f6ri lapok fejleszt\u0151je is egyben. A [&hellip;]","og_url":"https:\/\/deerybrook.com\/hu\/partnerek\/tecnometal\/","og_site_name":"Deery Brook","article_modified_time":"2026-03-21T19:51:14+00:00","og_image":[{"width":371,"height":72,"url":"https:\/\/deerybrook.com\/wp-content\/uploads\/2024\/11\/tecnometal-logo.webp","type":"image\/webp"}],"twitter_card":"summary_large_image","twitter_misc":{"Becs\u00fclt olvas\u00e1si id\u0151":"3 perc"},"schema":{"@context":"https:\/\/schema.org","@graph":[{"@type":"WebPage","@id":"https:\/\/deerybrook.com\/hu\/partnerek\/tecnometal\/","url":"https:\/\/deerybrook.com\/hu\/partnerek\/tecnometal\/","name":"Tecnometal - Deery Brook","isPartOf":{"@id":"https:\/\/deerybrook.com\/hu\/#website"},"primaryImageOfPage":{"@id":"https:\/\/deerybrook.com\/hu\/partnerek\/tecnometal\/#primaryimage"},"image":{"@id":"https:\/\/deerybrook.com\/hu\/partnerek\/tecnometal\/#primaryimage"},"thumbnailUrl":"https:\/\/deerybrook.com\/wp-content\/uploads\/2024\/11\/tecnometal-logo.webp","datePublished":"2024-10-16T21:16:58+00:00","dateModified":"2026-03-21T19:51:14+00:00","breadcrumb":{"@id":"https:\/\/deerybrook.com\/hu\/partnerek\/tecnometal\/#breadcrumb"},"inLanguage":"hu","potentialAction":[{"@type":"ReadAction","target":["https:\/\/deerybrook.com\/hu\/partnerek\/tecnometal\/"]}]},{"@type":"ImageObject","inLanguage":"hu","@id":"https:\/\/deerybrook.com\/hu\/partnerek\/tecnometal\/#primaryimage","url":"https:\/\/deerybrook.com\/wp-content\/uploads\/2024\/11\/tecnometal-logo.webp","contentUrl":"https:\/\/deerybrook.com\/wp-content\/uploads\/2024\/11\/tecnometal-logo.webp"},{"@type":"BreadcrumbList","@id":"https:\/\/deerybrook.com\/hu\/partnerek\/tecnometal\/#breadcrumb","itemListElement":[{"@type":"ListItem","position":1,"name":"Home","item":"https:\/\/deerybrook.com\/hu\/fooldal\/"},{"@type":"ListItem","position":2,"name":"Partnerek","item":"https:\/\/deerybrook.com\/hu\/partnerek\/"},{"@type":"ListItem","position":3,"name":"Tecnometal"}]},{"@type":"WebSite","@id":"https:\/\/deerybrook.com\/hu\/#website","url":"https:\/\/deerybrook.com\/hu\/","name":"Deery Brook","description":"Solutions, materials and services for your electronics assembly business","publisher":{"@id":"https:\/\/deerybrook.com\/hu\/#organization"},"potentialAction":[{"@type":"SearchAction","target":{"@type":"EntryPoint","urlTemplate":"https:\/\/deerybrook.com\/hu\/?s={search_term_string}"},"query-input":{"@type":"PropertyValueSpecification","valueRequired":true,"valueName":"search_term_string"}}],"inLanguage":"hu"},{"@type":"Organization","@id":"https:\/\/deerybrook.com\/hu\/#organization","name":"Deerybrook","url":"https:\/\/deerybrook.com\/hu\/","logo":{"@type":"ImageObject","inLanguage":"hu","@id":"https:\/\/deerybrook.com\/hu\/#\/schema\/logo\/image\/","url":"https:\/\/deerybrook.com\/wp-content\/uploads\/2019\/10\/deerybrook-logo-text-black.png","contentUrl":"https:\/\/deerybrook.com\/wp-content\/uploads\/2019\/10\/deerybrook-logo-text-black.png","width":518,"height":125,"caption":"Deerybrook"},"image":{"@id":"https:\/\/deerybrook.com\/hu\/#\/schema\/logo\/image\/"}}]}},"_links":{"self":[{"href":"https:\/\/deerybrook.com\/hu\/wp-json\/wp\/v2\/pages\/4410","targetHints":{"allow":["GET"]}}],"collection":[{"href":"https:\/\/deerybrook.com\/hu\/wp-json\/wp\/v2\/pages"}],"about":[{"href":"https:\/\/deerybrook.com\/hu\/wp-json\/wp\/v2\/types\/page"}],"author":[{"embeddable":true,"href":"https:\/\/deerybrook.com\/hu\/wp-json\/wp\/v2\/users\/19"}],"replies":[{"embeddable":true,"href":"https:\/\/deerybrook.com\/hu\/wp-json\/wp\/v2\/comments?post=4410"}],"version-history":[{"count":6,"href":"https:\/\/deerybrook.com\/hu\/wp-json\/wp\/v2\/pages\/4410\/revisions"}],"predecessor-version":[{"id":7365,"href":"https:\/\/deerybrook.com\/hu\/wp-json\/wp\/v2\/pages\/4410\/revisions\/7365"}],"up":[{"embeddable":true,"href":"https:\/\/deerybrook.com\/hu\/wp-json\/wp\/v2\/pages\/5414"}],"wp:attachment":[{"href":"https:\/\/deerybrook.com\/hu\/wp-json\/wp\/v2\/media?parent=4410"}],"curies":[{"name":"wp","href":"https:\/\/api.w.org\/{rel}","templated":true}]}}