{"id":7405,"date":"2024-11-10T21:25:26","date_gmt":"2024-11-10T21:25:26","guid":{"rendered":"https:\/\/deerybrook.com\/gdpr-policy\/"},"modified":"2026-03-21T20:09:45","modified_gmt":"2026-03-21T20:09:45","slug":"gdpr-policy","status":"publish","type":"page","link":"https:\/\/deerybrook.com\/hu\/gdpr-policy\/","title":{"rendered":"GDPR-szab\u00e1lyzat"},"content":{"rendered":"\t\t<div data-elementor-type=\"wp-page\" data-elementor-id=\"7405\" class=\"elementor elementor-7405 elementor-5869\" data-elementor-post-type=\"page\">\n\t\t\t\t<div class=\"elementor-element elementor-element-27ed2c3 e-flex e-con-boxed e-con e-parent\" data-id=\"27ed2c3\" data-element_type=\"container\" data-e-type=\"container\">\n\t\t\t\t\t<div class=\"e-con-inner\">\n\t\t\t\t<div class=\"elementor-element elementor-element-0efa61c elementor-widget elementor-widget-text-editor\" data-id=\"0efa61c\" data-element_type=\"widget\" data-e-type=\"widget\" data-widget_type=\"text-editor.default\">\n\t\t\t\t<div class=\"elementor-widget-container\">\n\t\t\t\t\t\t\t\t\t<p data-start=\"29\" data-end=\"522\">Az (EU) 2016\/679 rendeletnek megfelel\u0151en, amely a term\u00e9szetes szem\u00e9lyeknek a szem\u00e9lyes adatok kezel\u00e9se tekintet\u00e9ben t\u00f6rt\u00e9n\u0151 v\u00e9delm\u00e9r\u0151l \u00e9s az ilyen adatok szabad \u00e1raml\u00e1s\u00e1r\u00f3l sz\u00f3l, valamint a 95\/46\/EK ir\u00e1nyelv hat\u00e1lyon k\u00edv\u00fcl helyez\u00e9s\u00e9r\u0151l rendelkezik (\u00c1ltal\u00e1nos Adatv\u00e9delmi Rendelet \u2013 GDPR), az SC DEERY BROOK SRL k\u00f6teles az \u00d6n \u00e1ltal megadott szem\u00e9lyes adatokat biztons\u00e1gos k\u00f6r\u00fclm\u00e9nyek k\u00f6z\u00f6tt \u00e9s kiz\u00e1r\u00f3lag a meghat\u00e1rozott c\u00e9lokra kezelni, legyen sz\u00f3 az \u00d6n, csal\u00e1dtagja vagy m\u00e1s szem\u00e9ly adatair\u00f3l.<\/p><p data-start=\"524\" data-end=\"635\">Az adatgy\u0171jt\u00e9s c\u00e9lja: \u00fczenetek k\u00fcld\u00e9se a kapcsolatfelv\u00e9teli \u0171rlapon kereszt\u00fcl, valamint aj\u00e1nlataink megk\u00fcld\u00e9se.<\/p><p data-start=\"637\" data-end=\"818\">Az adatok megad\u00e1sa nem k\u00f6telez\u0151, azonban sz\u00fcks\u00e9ges ahhoz, hogy e-mailben kapcsolatba l\u00e9phess\u00fcnk \u00d6nnel. Az adatok megad\u00e1s\u00e1nak megtagad\u00e1sa eset\u00e9n a kommunik\u00e1ci\u00f3 m\u00e1s m\u00f3don folytathat\u00f3.<\/p><p data-start=\"820\" data-end=\"970\">A r\u00f6gz\u00edtett inform\u00e1ci\u00f3k az adatkezel\u0151 \u00e1ltali felhaszn\u00e1l\u00e1sra szolg\u00e1lnak, \u00e9s kiz\u00e1r\u00f3lag az al\u00e1bbi c\u00edmzettek sz\u00e1m\u00e1ra ker\u00fclnek tov\u00e1bb\u00edt\u00e1sra: senki sz\u00e1m\u00e1ra.<\/p><p data-start=\"972\" data-end=\"1429\">Az (EU) 2016\/679 rendelet \u00e9rtelm\u00e9ben \u00d6n jogosult a hozz\u00e1f\u00e9r\u00e9shez, az adatok helyesb\u00edt\u00e9s\u00e9hez, az egy\u00e9ni d\u00f6nt\u00e9s hat\u00e1lya al\u00f3li mentess\u00e9ghez, valamint a b\u00edr\u00f3s\u00e1ghoz fordul\u00e1s jog\u00e1hoz. Ugyanakkor jogosult tiltakozni szem\u00e9lyes adatai kezel\u00e9se ellen, valamint k\u00e9rheti azok t\u00f6rl\u00e9s\u00e9t*. E jogok gyakorl\u00e1sa \u00e9rdek\u00e9ben \u00edr\u00e1sbeli, d\u00e1tummal ell\u00e1tott \u00e9s al\u00e1\u00edrt k\u00e9relmet k\u00fcldhet sz\u00e9khely\u00fcnkre: Strada Calea Aradului nr. 5, Timi\u0219oara. \u00d6nnek tov\u00e1bb\u00e1 joga van b\u00edr\u00f3s\u00e1ghoz fordulni.<\/p><p data-start=\"1431\" data-end=\"1480\">Az \u00d6n adatai NEM ker\u00fclnek k\u00fclf\u00f6ldre tov\u00e1bb\u00edt\u00e1sra.<\/p><p data-start=\"1482\" data-end=\"1589\">Amennyiben az \u00d6nre vonatkoz\u00f3 adatok k\u00f6z\u00fcl b\u00e1rmelyik helytelen, k\u00e9rj\u00fck, min\u00e9l hamarabb \u00e9rtes\u00edtsen benn\u00fcnket.<\/p><p data-start=\"1591\" data-end=\"1606\">Megjegyz\u00e9sek:<\/p><ul data-start=\"1607\" data-end=\"2125\"><li data-section-id=\"fjpux5\" data-start=\"1607\" data-end=\"1976\">Minden szem\u00e9ly jogosult arra, hogy jogos okb\u00f3l tiltakozzon a r\u00e1 vonatkoz\u00f3 adatok kezel\u00e9se ellen. Ez a tiltakoz\u00e1si jog bizonyos, jogszab\u00e1ly \u00e1ltal el\u0151\u00edrt adatkezel\u00e9sek eset\u00e9ben kiz\u00e1rhat\u00f3 (pl.: p\u00e9nz\u00fcgyi \u00e9s ad\u00f3hat\u00f3s\u00e1gok, rend\u0151rs\u00e9g, igazs\u00e1gszolg\u00e1ltat\u00e1s, t\u00e1rsadalombiztos\u00edt\u00e1s \u00e1ltal v\u00e9gzett adatkezel\u00e9sek). Ez\u00e9rt ez a megjegyz\u00e9s nem alkalmazhat\u00f3, ha az adatkezel\u00e9s k\u00f6telez\u0151;<\/li><li data-section-id=\"17ssdke\" data-start=\"1978\" data-end=\"2125\">Minden szem\u00e9ly jogosult arra is, hogy el\u0151zetes indokl\u00e1s n\u00e9lk\u00fcl, d\u00edjmentesen tiltakozzon szem\u00e9lyes adatainak direkt marketing c\u00e9l\u00fa kezel\u00e9se ellen.<\/li><\/ul><p data-start=\"2127\" data-end=\"2329\" data-is-last-node=\"\" data-is-only-node=\"\">A \u201esz\u00f3beli\u201d t\u00e1j\u00e9koztat\u00e1si m\u00f3d kiv\u00e9telesen alkalmazand\u00f3 olyan esetekben, amikor az inform\u00e1ci\u00f3 m\u00e1s m\u00f3don nem adhat\u00f3 meg (pl.: telefonbesz\u00e9lget\u00e9sek \u00fatj\u00e1n t\u00f6rt\u00e9n\u0151 t\u00e1j\u00e9koztat\u00e1s, ha azok r\u00f6gz\u00edt\u00e9sre ker\u00fclnek).<\/p>\t\t\t\t\t\t\t\t<\/div>\n\t\t\t\t<\/div>\n\t\t\t\t\t<\/div>\n\t\t\t\t<\/div>\n\t\t\t\t<\/div>\n\t\t","protected":false},"excerpt":{"rendered":"<p>Az (EU) 2016\/679 rendeletnek megfelel\u0151en, amely a term\u00e9szetes szem\u00e9lyeknek a szem\u00e9lyes adatok kezel\u00e9se tekintet\u00e9ben t\u00f6rt\u00e9n\u0151 v\u00e9delm\u00e9r\u0151l \u00e9s az ilyen adatok szabad \u00e1raml\u00e1s\u00e1r\u00f3l sz\u00f3l, valamint a 95\/46\/EK ir\u00e1nyelv hat\u00e1lyon k\u00edv\u00fcl helyez\u00e9s\u00e9r\u0151l rendelkezik (\u00c1ltal\u00e1nos Adatv\u00e9delmi Rendelet \u2013 GDPR), az SC DEERY BROOK SRL k\u00f6teles az \u00d6n \u00e1ltal megadott szem\u00e9lyes adatokat biztons\u00e1gos k\u00f6r\u00fclm\u00e9nyek k\u00f6z\u00f6tt \u00e9s kiz\u00e1r\u00f3lag a meghat\u00e1rozott [&hellip;]<\/p>\n","protected":false},"author":19,"featured_media":0,"parent":0,"menu_order":0,"comment_status":"closed","ping_status":"closed","template":"","meta":{"footnotes":""},"class_list":["post-7405","page","type-page","status-publish","hentry"],"yoast_head":"<!-- This site is optimized with the Yoast SEO plugin v27.4 - https:\/\/yoast.com\/product\/yoast-seo-wordpress\/ -->\n<title>GDPR-szab\u00e1lyzat - Deery Brook<\/title>\n<meta name=\"robots\" content=\"index, follow, max-snippet:-1, max-image-preview:large, max-video-preview:-1\" \/>\n<link rel=\"canonical\" href=\"https:\/\/deerybrook.com\/hu\/gdpr-policy\/\" \/>\n<meta property=\"og:locale\" content=\"hu_HU\" \/>\n<meta property=\"og:type\" content=\"article\" \/>\n<meta property=\"og:title\" content=\"GDPR-szab\u00e1lyzat - Deery Brook\" \/>\n<meta property=\"og:description\" content=\"Az (EU) 2016\/679 rendeletnek megfelel\u0151en, amely a term\u00e9szetes szem\u00e9lyeknek a szem\u00e9lyes adatok kezel\u00e9se tekintet\u00e9ben t\u00f6rt\u00e9n\u0151 v\u00e9delm\u00e9r\u0151l \u00e9s az ilyen adatok szabad \u00e1raml\u00e1s\u00e1r\u00f3l sz\u00f3l, valamint a 95\/46\/EK ir\u00e1nyelv hat\u00e1lyon k\u00edv\u00fcl helyez\u00e9s\u00e9r\u0151l rendelkezik (\u00c1ltal\u00e1nos Adatv\u00e9delmi Rendelet \u2013 GDPR), az SC DEERY BROOK SRL k\u00f6teles az \u00d6n \u00e1ltal megadott szem\u00e9lyes adatokat biztons\u00e1gos k\u00f6r\u00fclm\u00e9nyek k\u00f6z\u00f6tt \u00e9s kiz\u00e1r\u00f3lag a meghat\u00e1rozott [&hellip;]\" \/>\n<meta property=\"og:url\" content=\"https:\/\/deerybrook.com\/hu\/gdpr-policy\/\" \/>\n<meta property=\"og:site_name\" content=\"Deery Brook\" \/>\n<meta property=\"article:modified_time\" content=\"2026-03-21T20:09:45+00:00\" \/>\n<meta name=\"twitter:card\" content=\"summary_large_image\" \/>\n<meta name=\"twitter:label1\" content=\"Becs\u00fclt olvas\u00e1si id\u0151\" \/>\n\t<meta name=\"twitter:data1\" content=\"2 perc\" \/>\n<script type=\"application\/ld+json\" class=\"yoast-schema-graph\">{\"@context\":\"https:\\\/\\\/schema.org\",\"@graph\":[{\"@type\":\"WebPage\",\"@id\":\"https:\\\/\\\/deerybrook.com\\\/hu\\\/gdpr-policy\\\/\",\"url\":\"https:\\\/\\\/deerybrook.com\\\/hu\\\/gdpr-policy\\\/\",\"name\":\"GDPR-szab\u00e1lyzat - Deery Brook\",\"isPartOf\":{\"@id\":\"https:\\\/\\\/deerybrook.com\\\/hu\\\/#website\"},\"datePublished\":\"2024-11-10T21:25:26+00:00\",\"dateModified\":\"2026-03-21T20:09:45+00:00\",\"breadcrumb\":{\"@id\":\"https:\\\/\\\/deerybrook.com\\\/hu\\\/gdpr-policy\\\/#breadcrumb\"},\"inLanguage\":\"hu\",\"potentialAction\":[{\"@type\":\"ReadAction\",\"target\":[\"https:\\\/\\\/deerybrook.com\\\/hu\\\/gdpr-policy\\\/\"]}]},{\"@type\":\"BreadcrumbList\",\"@id\":\"https:\\\/\\\/deerybrook.com\\\/hu\\\/gdpr-policy\\\/#breadcrumb\",\"itemListElement\":[{\"@type\":\"ListItem\",\"position\":1,\"name\":\"Home\",\"item\":\"https:\\\/\\\/deerybrook.com\\\/hu\\\/fooldal\\\/\"},{\"@type\":\"ListItem\",\"position\":2,\"name\":\"GDPR-szab\u00e1lyzat\"}]},{\"@type\":\"WebSite\",\"@id\":\"https:\\\/\\\/deerybrook.com\\\/hu\\\/#website\",\"url\":\"https:\\\/\\\/deerybrook.com\\\/hu\\\/\",\"name\":\"Deery Brook\",\"description\":\"Solutions, materials and services for your electronics assembly business\",\"publisher\":{\"@id\":\"https:\\\/\\\/deerybrook.com\\\/hu\\\/#organization\"},\"potentialAction\":[{\"@type\":\"SearchAction\",\"target\":{\"@type\":\"EntryPoint\",\"urlTemplate\":\"https:\\\/\\\/deerybrook.com\\\/hu\\\/?s={search_term_string}\"},\"query-input\":{\"@type\":\"PropertyValueSpecification\",\"valueRequired\":true,\"valueName\":\"search_term_string\"}}],\"inLanguage\":\"hu\"},{\"@type\":\"Organization\",\"@id\":\"https:\\\/\\\/deerybrook.com\\\/hu\\\/#organization\",\"name\":\"Deerybrook\",\"url\":\"https:\\\/\\\/deerybrook.com\\\/hu\\\/\",\"logo\":{\"@type\":\"ImageObject\",\"inLanguage\":\"hu\",\"@id\":\"https:\\\/\\\/deerybrook.com\\\/hu\\\/#\\\/schema\\\/logo\\\/image\\\/\",\"url\":\"https:\\\/\\\/deerybrook.com\\\/wp-content\\\/uploads\\\/2019\\\/10\\\/deerybrook-logo-text-black.png\",\"contentUrl\":\"https:\\\/\\\/deerybrook.com\\\/wp-content\\\/uploads\\\/2019\\\/10\\\/deerybrook-logo-text-black.png\",\"width\":518,\"height\":125,\"caption\":\"Deerybrook\"},\"image\":{\"@id\":\"https:\\\/\\\/deerybrook.com\\\/hu\\\/#\\\/schema\\\/logo\\\/image\\\/\"}}]}<\/script>\n<!-- \/ Yoast SEO plugin. -->","yoast_head_json":{"title":"GDPR-szab\u00e1lyzat - Deery Brook","robots":{"index":"index","follow":"follow","max-snippet":"max-snippet:-1","max-image-preview":"max-image-preview:large","max-video-preview":"max-video-preview:-1"},"canonical":"https:\/\/deerybrook.com\/hu\/gdpr-policy\/","og_locale":"hu_HU","og_type":"article","og_title":"GDPR-szab\u00e1lyzat - Deery Brook","og_description":"Az (EU) 2016\/679 rendeletnek megfelel\u0151en, amely a term\u00e9szetes szem\u00e9lyeknek a szem\u00e9lyes adatok kezel\u00e9se tekintet\u00e9ben t\u00f6rt\u00e9n\u0151 v\u00e9delm\u00e9r\u0151l \u00e9s az ilyen adatok szabad \u00e1raml\u00e1s\u00e1r\u00f3l sz\u00f3l, valamint a 95\/46\/EK ir\u00e1nyelv hat\u00e1lyon k\u00edv\u00fcl helyez\u00e9s\u00e9r\u0151l rendelkezik (\u00c1ltal\u00e1nos Adatv\u00e9delmi Rendelet \u2013 GDPR), az SC DEERY BROOK SRL k\u00f6teles az \u00d6n \u00e1ltal megadott szem\u00e9lyes adatokat biztons\u00e1gos k\u00f6r\u00fclm\u00e9nyek k\u00f6z\u00f6tt \u00e9s kiz\u00e1r\u00f3lag a meghat\u00e1rozott [&hellip;]","og_url":"https:\/\/deerybrook.com\/hu\/gdpr-policy\/","og_site_name":"Deery Brook","article_modified_time":"2026-03-21T20:09:45+00:00","twitter_card":"summary_large_image","twitter_misc":{"Becs\u00fclt olvas\u00e1si id\u0151":"2 perc"},"schema":{"@context":"https:\/\/schema.org","@graph":[{"@type":"WebPage","@id":"https:\/\/deerybrook.com\/hu\/gdpr-policy\/","url":"https:\/\/deerybrook.com\/hu\/gdpr-policy\/","name":"GDPR-szab\u00e1lyzat - Deery Brook","isPartOf":{"@id":"https:\/\/deerybrook.com\/hu\/#website"},"datePublished":"2024-11-10T21:25:26+00:00","dateModified":"2026-03-21T20:09:45+00:00","breadcrumb":{"@id":"https:\/\/deerybrook.com\/hu\/gdpr-policy\/#breadcrumb"},"inLanguage":"hu","potentialAction":[{"@type":"ReadAction","target":["https:\/\/deerybrook.com\/hu\/gdpr-policy\/"]}]},{"@type":"BreadcrumbList","@id":"https:\/\/deerybrook.com\/hu\/gdpr-policy\/#breadcrumb","itemListElement":[{"@type":"ListItem","position":1,"name":"Home","item":"https:\/\/deerybrook.com\/hu\/fooldal\/"},{"@type":"ListItem","position":2,"name":"GDPR-szab\u00e1lyzat"}]},{"@type":"WebSite","@id":"https:\/\/deerybrook.com\/hu\/#website","url":"https:\/\/deerybrook.com\/hu\/","name":"Deery Brook","description":"Solutions, materials and services for your electronics assembly business","publisher":{"@id":"https:\/\/deerybrook.com\/hu\/#organization"},"potentialAction":[{"@type":"SearchAction","target":{"@type":"EntryPoint","urlTemplate":"https:\/\/deerybrook.com\/hu\/?s={search_term_string}"},"query-input":{"@type":"PropertyValueSpecification","valueRequired":true,"valueName":"search_term_string"}}],"inLanguage":"hu"},{"@type":"Organization","@id":"https:\/\/deerybrook.com\/hu\/#organization","name":"Deerybrook","url":"https:\/\/deerybrook.com\/hu\/","logo":{"@type":"ImageObject","inLanguage":"hu","@id":"https:\/\/deerybrook.com\/hu\/#\/schema\/logo\/image\/","url":"https:\/\/deerybrook.com\/wp-content\/uploads\/2019\/10\/deerybrook-logo-text-black.png","contentUrl":"https:\/\/deerybrook.com\/wp-content\/uploads\/2019\/10\/deerybrook-logo-text-black.png","width":518,"height":125,"caption":"Deerybrook"},"image":{"@id":"https:\/\/deerybrook.com\/hu\/#\/schema\/logo\/image\/"}}]}},"_links":{"self":[{"href":"https:\/\/deerybrook.com\/hu\/wp-json\/wp\/v2\/pages\/7405","targetHints":{"allow":["GET"]}}],"collection":[{"href":"https:\/\/deerybrook.com\/hu\/wp-json\/wp\/v2\/pages"}],"about":[{"href":"https:\/\/deerybrook.com\/hu\/wp-json\/wp\/v2\/types\/page"}],"author":[{"embeddable":true,"href":"https:\/\/deerybrook.com\/hu\/wp-json\/wp\/v2\/users\/19"}],"replies":[{"embeddable":true,"href":"https:\/\/deerybrook.com\/hu\/wp-json\/wp\/v2\/comments?post=7405"}],"version-history":[{"count":4,"href":"https:\/\/deerybrook.com\/hu\/wp-json\/wp\/v2\/pages\/7405\/revisions"}],"predecessor-version":[{"id":7412,"href":"https:\/\/deerybrook.com\/hu\/wp-json\/wp\/v2\/pages\/7405\/revisions\/7412"}],"wp:attachment":[{"href":"https:\/\/deerybrook.com\/hu\/wp-json\/wp\/v2\/media?parent=7405"}],"curies":[{"name":"wp","href":"https:\/\/api.w.org\/{rel}","templated":true}]}}