{"id":4381,"date":"2024-10-16T21:04:47","date_gmt":"2024-10-16T21:04:47","guid":{"rendered":"https:\/\/deerybrook.com\/barbieri\/"},"modified":"2026-03-21T19:36:26","modified_gmt":"2026-03-21T19:36:26","slug":"barbieri","status":"publish","type":"page","link":"https:\/\/deerybrook.com\/ro\/parteneri\/barbieri\/","title":{"rendered":"Barbieri"},"content":{"rendered":"\t\t<div data-elementor-type=\"wp-page\" data-elementor-id=\"4381\" class=\"elementor elementor-4381 elementor-4362\" data-elementor-post-type=\"page\">\n\t\t\t\t<div class=\"elementor-element elementor-element-7de3cd15 e-flex e-con-boxed e-con e-parent\" data-id=\"7de3cd15\" data-element_type=\"container\" data-e-type=\"container\">\n\t\t\t\t\t<div class=\"e-con-inner\">\n\t\t\t\t<div class=\"elementor-element elementor-element-984e017 elementor-widget elementor-widget-image\" data-id=\"984e017\" data-element_type=\"widget\" data-e-type=\"widget\" data-widget_type=\"image.default\">\n\t\t\t\t<div class=\"elementor-widget-container\">\n\t\t\t\t\t\t\t\t\t\t\t\t\t\t\t<img fetchpriority=\"high\" decoding=\"async\" width=\"601\" height=\"104\" src=\"https:\/\/deerybrook.com\/wp-content\/uploads\/2019\/10\/barbieri_logo.png\" class=\"attachment-full size-full wp-image-1726\" alt=\"\" srcset=\"https:\/\/deerybrook.com\/wp-content\/uploads\/2019\/10\/barbieri_logo.png 601w, https:\/\/deerybrook.com\/wp-content\/uploads\/2019\/10\/barbieri_logo-300x52.png 300w, https:\/\/deerybrook.com\/wp-content\/uploads\/2019\/10\/barbieri_logo-600x104.png 600w\" sizes=\"(max-width: 601px) 100vw, 601px\" \/>\t\t\t\t\t\t\t\t\t\t\t\t\t\t\t<\/div>\n\t\t\t\t<\/div>\n\t\t\t\t<div class=\"elementor-element elementor-element-7f4f77a7 elementor-widget elementor-widget-text-editor\" data-id=\"7f4f77a7\" data-element_type=\"widget\" data-e-type=\"widget\" data-widget_type=\"text-editor.default\">\n\t\t\t\t<div class=\"elementor-widget-container\">\n\t\t\t\t\t\t\t\t\t<header class=\"entry-header\">\n<div class=\"taxonomy-description\">\n<p>BARBIERI este specializat\u0103 \u00een furnizarea de solu\u021bii pentru lipirea \u00een val \u0219i procesele de sp\u0103lare, inclusiv echipamente pentru controlul procesului (detectoare de profil termic \u0219i contaminometre). BARBIERI a devenit compania lider pe pia\u021ba italian\u0103 \u00een distribu\u021bia de produse pentru consumabile destinate industriei electronice.<\/p>\n<\/div>\n<\/header>\n\t\t\t\t\t\t\t\t<\/div>\n\t\t\t\t<\/div>\n\t\t\t\t\t<\/div>\n\t\t\t\t<\/div>\n\t\t<div class=\"elementor-element elementor-element-2a4c1ee2 e-flex e-con-boxed e-con e-parent\" data-id=\"2a4c1ee2\" data-element_type=\"container\" data-e-type=\"container\">\n\t\t\t\t\t<div class=\"e-con-inner\">\n\t\t\t\t<div class=\"elementor-element elementor-element-11d9c6ee elementor-widget elementor-widget-n-accordion\" data-id=\"11d9c6ee\" data-element_type=\"widget\" data-e-type=\"widget\" data-settings=\"{&quot;default_state&quot;:&quot;expanded&quot;,&quot;max_items_expended&quot;:&quot;one&quot;,&quot;n_accordion_animation_duration&quot;:{&quot;unit&quot;:&quot;ms&quot;,&quot;size&quot;:400,&quot;sizes&quot;:[]}}\" data-widget_type=\"nested-accordion.default\">\n\t\t\t\t<div class=\"elementor-widget-container\">\n\t\t\t\t\t\t\t<div class=\"e-n-accordion\" aria-label=\"Accordion. Open links with Enter or Space, close with Escape, and navigate with Arrow Keys\">\n\t\t\t\t\t\t<details id=\"e-n-accordion-item-2990\" class=\"e-n-accordion-item\" open>\n\t\t\t\t<summary class=\"e-n-accordion-item-title\" data-accordion-index=\"1\" tabindex=\"0\" aria-expanded=\"true\" aria-controls=\"e-n-accordion-item-2990\" >\n\t\t\t\t\t<span class='e-n-accordion-item-title-header'><div class=\"e-n-accordion-item-title-text\"> Past\u0103 de masc\u0103 de lipire Spot-On <\/div><\/span>\n\t\t\t\t\t\t\t<span class='e-n-accordion-item-title-icon'>\n\t\t\t<span class='e-opened' ><svg aria-hidden=\"true\" class=\"e-font-icon-svg e-fas-minus\" viewBox=\"0 0 448 512\" xmlns=\"http:\/\/www.w3.org\/2000\/svg\"><path d=\"M416 208H32c-17.67 0-32 14.33-32 32v32c0 17.67 14.33 32 32 32h384c17.67 0 32-14.33 32-32v-32c0-17.67-14.33-32-32-32z\"><\/path><\/svg><\/span>\n\t\t\t<span class='e-closed'><svg aria-hidden=\"true\" class=\"e-font-icon-svg e-fas-plus\" viewBox=\"0 0 448 512\" xmlns=\"http:\/\/www.w3.org\/2000\/svg\"><path d=\"M416 208H272V64c0-17.67-14.33-32-32-32h-32c-17.67 0-32 14.33-32 32v144H32c-17.67 0-32 14.33-32 32v32c0 17.67 14.33 32 32 32h144v144c0 17.67 14.33 32 32 32h32c17.67 0 32-14.33 32-32V304h144c17.67 0 32-14.33 32-32v-32c0-17.67-14.33-32-32-32z\"><\/path><\/svg><\/span>\n\t\t<\/span>\n\n\t\t\t\t\t\t<\/summary>\n\t\t\t\t<div role=\"region\" aria-labelledby=\"e-n-accordion-item-2990\" class=\"elementor-element elementor-element-6d776aa1 e-con-full e-flex e-con e-child\" data-id=\"6d776aa1\" data-element_type=\"container\" data-e-type=\"container\">\n\t\t\t\t<div class=\"elementor-element elementor-element-1767d8a3 elementor-widget__width-initial elementor-widget elementor-widget-text-editor\" data-id=\"1767d8a3\" data-element_type=\"widget\" data-e-type=\"widget\" data-widget_type=\"text-editor.default\">\n\t\t\t\t<div class=\"elementor-widget-container\">\n\t\t\t\t\t\t\t\t\t<p data-start=\"376\" data-end=\"983\">\u00cen produc\u021bia de serii mici, atunci c\u00e2nd este necesar\u0103 protejarea anumitor zone de topirea aliajului de lipit \u00een timpul opera\u021biunii de lipire \u00een val, cea mai convenabil\u0103 solu\u021bie este utilizarea unui material temporar de mascare a lipiturii care poate fi aplicat pe suprafe\u021bele ce trebuie protejate. Barbieri ofer\u0103 un astfel de material, u\u0219or de utilizat, economic \u0219i non-periculos. \u00cen cazul \u00een care ave\u021bi nevoie de lipire selectiv\u0103 a anumitor zone de pe pl\u0103cile dvs. \u0219i nu dispune\u021bi de un utilaj de lipire selectiv\u0103, v\u0103 rug\u0103m s\u0103 ne contacta\u021bi pentru materialul PLS2000.<\/p>\n<ul>\n<li data-start=\"985\" data-end=\"1320\">Masca de lipire (solder resist) este aplicat\u0103 \u00een timpul fabrica\u021biei PCB \u2013 alinierea precis\u0103 este esen\u021bial\u0103<\/li>\n<li data-start=\"985\" data-end=\"1320\">Este posibil\u0103 mascare temporar\u0103 manual\u0103<\/li>\n<li data-start=\"985\" data-end=\"1320\">Efectul de umbrire difer\u0103<\/li>\n<li data-start=\"985\" data-end=\"1320\">Mirosul depinde de sistemul materialului<\/li>\n<li data-start=\"985\" data-end=\"1320\">Uneori, materialul de mascare temporar\u0103 este utilizat pentru fixarea componentelor pe durata procesului de lipire<\/li>\n<\/ul>\n\t\t\t\t\t\t\t\t<\/div>\n\t\t\t\t<\/div>\n\t\t\t\t<div class=\"elementor-element elementor-element-2dff74b2 elementor-widget elementor-widget-shortcode\" data-id=\"2dff74b2\" data-element_type=\"widget\" data-e-type=\"widget\" data-widget_type=\"shortcode.default\">\n\t\t\t\t<div class=\"elementor-widget-container\">\n\t\t\t\t\t\t\t<div class=\"elementor-shortcode\">\n<table id=\"tablepress-15\" class=\"tablepress tablepress-id-15\">\n<thead>\n<tr class=\"row-1\">\n\t<th class=\"column-1\">Product<\/th><th class=\"column-2\"><meta charset=\"utf-8\"\/>Manufacturer Part Number<\/th>\n<\/tr>\n<\/thead>\n<tbody class=\"row-striping row-hover\">\n<tr class=\"row-2\">\n\t<td class=\"column-1\">PLS 2000 SOLDER MASK PASTE<\/td><td class=\"column-2\">PLS2000250<\/td>\n<\/tr>\n<\/tbody>\n<\/table>\n<\/div>\n\t\t\t\t\t\t<\/div>\n\t\t\t\t<\/div>\n\t\t\t\t<div class=\"elementor-element elementor-element-da4cef4 elementor-widget elementor-widget-image\" data-id=\"da4cef4\" data-element_type=\"widget\" data-e-type=\"widget\" data-widget_type=\"image.default\">\n\t\t\t\t<div class=\"elementor-widget-container\">\n\t\t\t\t\t\t\t\t\t\t\t\t\t\t\t<img decoding=\"async\" width=\"1200\" height=\"857\" src=\"https:\/\/deerybrook.com\/wp-content\/uploads\/2022\/01\/IMG_0622.jpeg\" class=\"attachment-full size-full wp-image-3728\" alt=\"Barbieri Solder Mask Paste\" srcset=\"https:\/\/deerybrook.com\/wp-content\/uploads\/2022\/01\/IMG_0622.jpeg 1200w, https:\/\/deerybrook.com\/wp-content\/uploads\/2022\/01\/IMG_0622-650x464.jpeg 650w, https:\/\/deerybrook.com\/wp-content\/uploads\/2022\/01\/IMG_0622-1024x731.jpeg 1024w, https:\/\/deerybrook.com\/wp-content\/uploads\/2022\/01\/IMG_0622-768x548.jpeg 768w\" sizes=\"(max-width: 1200px) 100vw, 1200px\" \/>\t\t\t\t\t\t\t\t\t\t\t\t\t\t\t<\/div>\n\t\t\t\t<\/div>\n\t\t\t\t<\/div>\n\t\t\t\t\t<\/details>\n\t\t\t\t\t<\/div>\n\t\t\t\t\t\t<\/div>\n\t\t\t\t<\/div>\n\t\t\t\t\t<\/div>\n\t\t\t\t<\/div>\n\t\t<div class=\"elementor-element elementor-element-1157e9ec e-flex e-con-boxed e-con e-parent\" data-id=\"1157e9ec\" data-element_type=\"container\" data-e-type=\"container\" data-settings=\"{&quot;background_background&quot;:&quot;classic&quot;}\">\n\t\t\t\t\t<div class=\"e-con-inner\">\n\t\t\t\t<div class=\"elementor-element elementor-element-4b4bc657 animated-slow elementor-invisible elementor-widget elementor-widget-heading\" data-id=\"4b4bc657\" data-element_type=\"widget\" data-e-type=\"widget\" data-settings=\"{&quot;_animation&quot;:&quot;fadeIn&quot;}\" data-widget_type=\"heading.default\">\n\t\t\t\t<div class=\"elementor-widget-container\">\n\t\t\t\t\t<h2 class=\"elementor-heading-title elementor-size-default\">Sunte\u021bi gata s\u0103 comanda\u021bi? Contacta\u021bi-ne acum!<\/h2>\t\t\t\t<\/div>\n\t\t\t\t<\/div>\n\t\t\t\t<div class=\"elementor-element elementor-element-27ac512e elementor-invisible elementor-widget elementor-widget-text-editor\" data-id=\"27ac512e\" data-element_type=\"widget\" data-e-type=\"widget\" data-settings=\"{&quot;_animation&quot;:&quot;fadeIn&quot;,&quot;_animation_delay&quot;:200}\" data-widget_type=\"text-editor.default\">\n\t\t\t\t<div class=\"elementor-widget-container\">\n\t\t\t\t\t\t\t\t\t<div class=\"elementor-element elementor-element-3559d088 elementor-widget elementor-widget-text-editor animated fadeIn\" data-id=\"3559d088\" data-element_type=\"widget\" data-e-type=\"widget\" data-settings=\"{&quot;_animation&quot;:&quot;fadeIn&quot;,&quot;_animation_delay&quot;:200}\" data-widget_type=\"text-editor.default\">\n<div class=\"elementor-widget-container\">\n<p data-start=\"99\" data-end=\"219\">Spune\u021bi-ne de ce ave\u021bi nevoie complet\u00e2nd formularul de solicitare ofert\u0103, iar noi v\u0103 vom contacta \u00een cel mai scurt timp!<\/p>\n<\/div>\n<p><\/div>\n\t\t\t\t\t\t\t\t<\/div>\n\t\t\t\t<\/div>\n\t\t\t\t<div class=\"elementor-element elementor-element-38cfcb24 elementor-mobile-align-justify animated-fast elementor-align-center elementor-invisible elementor-widget elementor-widget-button\" data-id=\"38cfcb24\" data-element_type=\"widget\" data-e-type=\"widget\" data-settings=\"{&quot;_animation&quot;:&quot;fadeIn&quot;,&quot;_animation_delay&quot;:400}\" data-widget_type=\"button.default\">\n\t\t\t\t<div class=\"elementor-widget-container\">\n\t\t\t\t\t\t\t\t\t<div class=\"elementor-button-wrapper\">\n\t\t\t\t\t<a class=\"elementor-button elementor-button-link elementor-size-sm elementor-animation-float\" href=\"#\">\n\t\t\t\t\t\t<span class=\"elementor-button-content-wrapper\">\n\t\t\t\t\t\t\t\t\t<span class=\"elementor-button-text\">Solicita\u021bi o ofert\u0103<\/span>\n\t\t\t\t\t<\/span>\n\t\t\t\t\t<\/a>\n\t\t\t\t<\/div>\n\t\t\t\t\t\t\t\t<\/div>\n\t\t\t\t<\/div>\n\t\t\t\t\t<\/div>\n\t\t\t\t<\/div>\n\t\t\t\t<\/div>\n\t\t","protected":false},"excerpt":{"rendered":"<p>BARBIERI este specializat\u0103 \u00een furnizarea de solu\u021bii pentru lipirea \u00een val \u0219i procesele de sp\u0103lare, inclusiv echipamente pentru controlul procesului (detectoare de profil termic \u0219i contaminometre). BARBIERI a devenit compania lider pe pia\u021ba italian\u0103 \u00een distribu\u021bia de produse pentru consumabile destinate industriei electronice. Past\u0103 de masc\u0103 de lipire Spot-On \u00cen produc\u021bia de serii mici, atunci [&hellip;]<\/p>\n","protected":false},"author":19,"featured_media":0,"parent":5416,"menu_order":0,"comment_status":"closed","ping_status":"closed","template":"","meta":{"footnotes":""},"class_list":["post-4381","page","type-page","status-publish","hentry"],"yoast_head":"<!-- This site is optimized with the Yoast SEO plugin v27.4 - https:\/\/yoast.com\/product\/yoast-seo-wordpress\/ -->\n<title>Barbieri - Deery Brook<\/title>\n<meta name=\"robots\" content=\"index, follow, max-snippet:-1, max-image-preview:large, max-video-preview:-1\" \/>\n<link rel=\"canonical\" href=\"https:\/\/deerybrook.com\/ro\/parteneri\/barbieri\/\" \/>\n<meta property=\"og:locale\" content=\"ro_RO\" \/>\n<meta property=\"og:type\" content=\"article\" \/>\n<meta property=\"og:title\" content=\"Barbieri - Deery Brook\" \/>\n<meta property=\"og:description\" content=\"BARBIERI este specializat\u0103 \u00een furnizarea de solu\u021bii pentru lipirea \u00een val \u0219i procesele de sp\u0103lare, inclusiv echipamente pentru controlul procesului (detectoare de profil termic \u0219i contaminometre). BARBIERI a devenit compania lider pe pia\u021ba italian\u0103 \u00een distribu\u021bia de produse pentru consumabile destinate industriei electronice. Past\u0103 de masc\u0103 de lipire Spot-On \u00cen produc\u021bia de serii mici, atunci [&hellip;]\" \/>\n<meta property=\"og:url\" content=\"https:\/\/deerybrook.com\/ro\/parteneri\/barbieri\/\" \/>\n<meta property=\"og:site_name\" content=\"Deery Brook\" \/>\n<meta property=\"article:modified_time\" content=\"2026-03-21T19:36:26+00:00\" \/>\n<meta property=\"og:image\" content=\"https:\/\/deerybrook.com\/wp-content\/uploads\/2019\/10\/barbieri_logo.png\" \/>\n\t<meta property=\"og:image:width\" content=\"601\" \/>\n\t<meta property=\"og:image:height\" content=\"104\" \/>\n\t<meta property=\"og:image:type\" content=\"image\/png\" \/>\n<meta name=\"twitter:card\" content=\"summary_large_image\" \/>\n<meta name=\"twitter:label1\" content=\"Timp estimat pentru citire\" \/>\n\t<meta name=\"twitter:data1\" content=\"2 minute\" \/>\n<script type=\"application\/ld+json\" class=\"yoast-schema-graph\">{\"@context\":\"https:\\\/\\\/schema.org\",\"@graph\":[{\"@type\":\"WebPage\",\"@id\":\"https:\\\/\\\/deerybrook.com\\\/ro\\\/parteneri\\\/barbieri\\\/\",\"url\":\"https:\\\/\\\/deerybrook.com\\\/ro\\\/parteneri\\\/barbieri\\\/\",\"name\":\"Barbieri - Deery Brook\",\"isPartOf\":{\"@id\":\"https:\\\/\\\/deerybrook.com\\\/ro\\\/#website\"},\"primaryImageOfPage\":{\"@id\":\"https:\\\/\\\/deerybrook.com\\\/ro\\\/parteneri\\\/barbieri\\\/#primaryimage\"},\"image\":{\"@id\":\"https:\\\/\\\/deerybrook.com\\\/ro\\\/parteneri\\\/barbieri\\\/#primaryimage\"},\"thumbnailUrl\":\"https:\\\/\\\/deerybrook.com\\\/wp-content\\\/uploads\\\/2019\\\/10\\\/barbieri_logo.png\",\"datePublished\":\"2024-10-16T21:04:47+00:00\",\"dateModified\":\"2026-03-21T19:36:26+00:00\",\"breadcrumb\":{\"@id\":\"https:\\\/\\\/deerybrook.com\\\/ro\\\/parteneri\\\/barbieri\\\/#breadcrumb\"},\"inLanguage\":\"ro-RO\",\"potentialAction\":[{\"@type\":\"ReadAction\",\"target\":[\"https:\\\/\\\/deerybrook.com\\\/ro\\\/parteneri\\\/barbieri\\\/\"]}]},{\"@type\":\"ImageObject\",\"inLanguage\":\"ro-RO\",\"@id\":\"https:\\\/\\\/deerybrook.com\\\/ro\\\/parteneri\\\/barbieri\\\/#primaryimage\",\"url\":\"https:\\\/\\\/deerybrook.com\\\/wp-content\\\/uploads\\\/2019\\\/10\\\/barbieri_logo.png\",\"contentUrl\":\"https:\\\/\\\/deerybrook.com\\\/wp-content\\\/uploads\\\/2019\\\/10\\\/barbieri_logo.png\"},{\"@type\":\"BreadcrumbList\",\"@id\":\"https:\\\/\\\/deerybrook.com\\\/ro\\\/parteneri\\\/barbieri\\\/#breadcrumb\",\"itemListElement\":[{\"@type\":\"ListItem\",\"position\":1,\"name\":\"Home\",\"item\":\"https:\\\/\\\/deerybrook.com\\\/ro\\\/acasa\\\/\"},{\"@type\":\"ListItem\",\"position\":2,\"name\":\"Parteneri\",\"item\":\"https:\\\/\\\/deerybrook.com\\\/ro\\\/parteneri\\\/\"},{\"@type\":\"ListItem\",\"position\":3,\"name\":\"Barbieri\"}]},{\"@type\":\"WebSite\",\"@id\":\"https:\\\/\\\/deerybrook.com\\\/ro\\\/#website\",\"url\":\"https:\\\/\\\/deerybrook.com\\\/ro\\\/\",\"name\":\"Deery Brook\",\"description\":\"Solutions, materials and services for your electronics assembly business\",\"publisher\":{\"@id\":\"https:\\\/\\\/deerybrook.com\\\/ro\\\/#organization\"},\"potentialAction\":[{\"@type\":\"SearchAction\",\"target\":{\"@type\":\"EntryPoint\",\"urlTemplate\":\"https:\\\/\\\/deerybrook.com\\\/ro\\\/?s={search_term_string}\"},\"query-input\":{\"@type\":\"PropertyValueSpecification\",\"valueRequired\":true,\"valueName\":\"search_term_string\"}}],\"inLanguage\":\"ro-RO\"},{\"@type\":\"Organization\",\"@id\":\"https:\\\/\\\/deerybrook.com\\\/ro\\\/#organization\",\"name\":\"Deerybrook\",\"url\":\"https:\\\/\\\/deerybrook.com\\\/ro\\\/\",\"logo\":{\"@type\":\"ImageObject\",\"inLanguage\":\"ro-RO\",\"@id\":\"https:\\\/\\\/deerybrook.com\\\/ro\\\/#\\\/schema\\\/logo\\\/image\\\/\",\"url\":\"https:\\\/\\\/deerybrook.com\\\/wp-content\\\/uploads\\\/2019\\\/10\\\/deerybrook-logo-text-black.png\",\"contentUrl\":\"https:\\\/\\\/deerybrook.com\\\/wp-content\\\/uploads\\\/2019\\\/10\\\/deerybrook-logo-text-black.png\",\"width\":518,\"height\":125,\"caption\":\"Deerybrook\"},\"image\":{\"@id\":\"https:\\\/\\\/deerybrook.com\\\/ro\\\/#\\\/schema\\\/logo\\\/image\\\/\"}}]}<\/script>\n<!-- \/ Yoast SEO plugin. -->","yoast_head_json":{"title":"Barbieri - Deery Brook","robots":{"index":"index","follow":"follow","max-snippet":"max-snippet:-1","max-image-preview":"max-image-preview:large","max-video-preview":"max-video-preview:-1"},"canonical":"https:\/\/deerybrook.com\/ro\/parteneri\/barbieri\/","og_locale":"ro_RO","og_type":"article","og_title":"Barbieri - Deery Brook","og_description":"BARBIERI este specializat\u0103 \u00een furnizarea de solu\u021bii pentru lipirea \u00een val \u0219i procesele de sp\u0103lare, inclusiv echipamente pentru controlul procesului (detectoare de profil termic \u0219i contaminometre). BARBIERI a devenit compania lider pe pia\u021ba italian\u0103 \u00een distribu\u021bia de produse pentru consumabile destinate industriei electronice. Past\u0103 de masc\u0103 de lipire Spot-On \u00cen produc\u021bia de serii mici, atunci [&hellip;]","og_url":"https:\/\/deerybrook.com\/ro\/parteneri\/barbieri\/","og_site_name":"Deery Brook","article_modified_time":"2026-03-21T19:36:26+00:00","og_image":[{"width":601,"height":104,"url":"https:\/\/deerybrook.com\/wp-content\/uploads\/2019\/10\/barbieri_logo.png","type":"image\/png"}],"twitter_card":"summary_large_image","twitter_misc":{"Timp estimat pentru citire":"2 minute"},"schema":{"@context":"https:\/\/schema.org","@graph":[{"@type":"WebPage","@id":"https:\/\/deerybrook.com\/ro\/parteneri\/barbieri\/","url":"https:\/\/deerybrook.com\/ro\/parteneri\/barbieri\/","name":"Barbieri - Deery Brook","isPartOf":{"@id":"https:\/\/deerybrook.com\/ro\/#website"},"primaryImageOfPage":{"@id":"https:\/\/deerybrook.com\/ro\/parteneri\/barbieri\/#primaryimage"},"image":{"@id":"https:\/\/deerybrook.com\/ro\/parteneri\/barbieri\/#primaryimage"},"thumbnailUrl":"https:\/\/deerybrook.com\/wp-content\/uploads\/2019\/10\/barbieri_logo.png","datePublished":"2024-10-16T21:04:47+00:00","dateModified":"2026-03-21T19:36:26+00:00","breadcrumb":{"@id":"https:\/\/deerybrook.com\/ro\/parteneri\/barbieri\/#breadcrumb"},"inLanguage":"ro-RO","potentialAction":[{"@type":"ReadAction","target":["https:\/\/deerybrook.com\/ro\/parteneri\/barbieri\/"]}]},{"@type":"ImageObject","inLanguage":"ro-RO","@id":"https:\/\/deerybrook.com\/ro\/parteneri\/barbieri\/#primaryimage","url":"https:\/\/deerybrook.com\/wp-content\/uploads\/2019\/10\/barbieri_logo.png","contentUrl":"https:\/\/deerybrook.com\/wp-content\/uploads\/2019\/10\/barbieri_logo.png"},{"@type":"BreadcrumbList","@id":"https:\/\/deerybrook.com\/ro\/parteneri\/barbieri\/#breadcrumb","itemListElement":[{"@type":"ListItem","position":1,"name":"Home","item":"https:\/\/deerybrook.com\/ro\/acasa\/"},{"@type":"ListItem","position":2,"name":"Parteneri","item":"https:\/\/deerybrook.com\/ro\/parteneri\/"},{"@type":"ListItem","position":3,"name":"Barbieri"}]},{"@type":"WebSite","@id":"https:\/\/deerybrook.com\/ro\/#website","url":"https:\/\/deerybrook.com\/ro\/","name":"Deery Brook","description":"Solutions, materials and services for your electronics assembly business","publisher":{"@id":"https:\/\/deerybrook.com\/ro\/#organization"},"potentialAction":[{"@type":"SearchAction","target":{"@type":"EntryPoint","urlTemplate":"https:\/\/deerybrook.com\/ro\/?s={search_term_string}"},"query-input":{"@type":"PropertyValueSpecification","valueRequired":true,"valueName":"search_term_string"}}],"inLanguage":"ro-RO"},{"@type":"Organization","@id":"https:\/\/deerybrook.com\/ro\/#organization","name":"Deerybrook","url":"https:\/\/deerybrook.com\/ro\/","logo":{"@type":"ImageObject","inLanguage":"ro-RO","@id":"https:\/\/deerybrook.com\/ro\/#\/schema\/logo\/image\/","url":"https:\/\/deerybrook.com\/wp-content\/uploads\/2019\/10\/deerybrook-logo-text-black.png","contentUrl":"https:\/\/deerybrook.com\/wp-content\/uploads\/2019\/10\/deerybrook-logo-text-black.png","width":518,"height":125,"caption":"Deerybrook"},"image":{"@id":"https:\/\/deerybrook.com\/ro\/#\/schema\/logo\/image\/"}}]}},"_links":{"self":[{"href":"https:\/\/deerybrook.com\/ro\/wp-json\/wp\/v2\/pages\/4381","targetHints":{"allow":["GET"]}}],"collection":[{"href":"https:\/\/deerybrook.com\/ro\/wp-json\/wp\/v2\/pages"}],"about":[{"href":"https:\/\/deerybrook.com\/ro\/wp-json\/wp\/v2\/types\/page"}],"author":[{"embeddable":true,"href":"https:\/\/deerybrook.com\/ro\/wp-json\/wp\/v2\/users\/19"}],"replies":[{"embeddable":true,"href":"https:\/\/deerybrook.com\/ro\/wp-json\/wp\/v2\/comments?post=4381"}],"version-history":[{"count":7,"href":"https:\/\/deerybrook.com\/ro\/wp-json\/wp\/v2\/pages\/4381\/revisions"}],"predecessor-version":[{"id":7335,"href":"https:\/\/deerybrook.com\/ro\/wp-json\/wp\/v2\/pages\/4381\/revisions\/7335"}],"up":[{"embeddable":true,"href":"https:\/\/deerybrook.com\/ro\/wp-json\/wp\/v2\/pages\/5416"}],"wp:attachment":[{"href":"https:\/\/deerybrook.com\/ro\/wp-json\/wp\/v2\/media?parent=4381"}],"curies":[{"name":"wp","href":"https:\/\/api.w.org\/{rel}","templated":true}]}}