{"id":4412,"date":"2024-10-16T21:17:18","date_gmt":"2024-10-16T21:17:18","guid":{"rendered":"https:\/\/deerybrook.com\/tecnometal\/"},"modified":"2026-03-21T19:49:58","modified_gmt":"2026-03-21T19:49:58","slug":"tecnometal","status":"publish","type":"page","link":"https:\/\/deerybrook.com\/ro\/parteneri\/tecnometal\/","title":{"rendered":"Tecnometal"},"content":{"rendered":"\t\t<div data-elementor-type=\"wp-page\" data-elementor-id=\"4412\" class=\"elementor elementor-4412 elementor-4404\" data-elementor-post-type=\"page\">\n\t\t\t\t<div class=\"elementor-element elementor-element-3448d398 e-flex e-con-boxed e-con e-parent\" data-id=\"3448d398\" data-element_type=\"container\" data-e-type=\"container\">\n\t\t\t\t\t<div class=\"e-con-inner\">\n\t\t\t\t<div class=\"elementor-element elementor-element-ee93c2a elementor-widget elementor-widget-image\" data-id=\"ee93c2a\" data-element_type=\"widget\" data-e-type=\"widget\" data-widget_type=\"image.default\">\n\t\t\t\t<div class=\"elementor-widget-container\">\n\t\t\t\t\t\t\t\t\t\t\t\t\t\t\t<img decoding=\"async\" width=\"371\" height=\"72\" src=\"https:\/\/deerybrook.com\/wp-content\/uploads\/2024\/11\/tecnometal-logo.webp\" class=\"attachment-large size-large wp-image-5377\" alt=\"\" \/>\t\t\t\t\t\t\t\t\t\t\t\t\t\t\t<\/div>\n\t\t\t\t<\/div>\n\t\t\t\t<div class=\"elementor-element elementor-element-65ea7413 elementor-widget elementor-widget-text-editor\" data-id=\"65ea7413\" data-element_type=\"widget\" data-e-type=\"widget\" data-widget_type=\"text-editor.default\">\n\t\t\t\t<div class=\"elementor-widget-container\">\n\t\t\t\t\t\t\t\t\t<header class=\"entry-header\">\n<div class=\"taxonomy-description\">\n<p>Pe l\u00e2ng\u0103 furnizorii actuali de PWB (pl\u0103ci cu circuite imprimate) cu volum mare din Orientul \u00cendep\u0103rtat, \u00een multe situa\u021bii seriile mici cu timp de livrare rapid sunt esen\u021biale pentru dezvoltarea produselor. Serii mici \u0219i medii de pl\u0103ci pot fi furnizate de Tecnometal la un nivel de pre\u021b competitiv din UE. Tecnometal dispune de capabilit\u0103\u021bi tehnologice avansate \u0219i este dezvoltatorul circuitelor Semi-Flex. Tecnometal ofer\u0103, de asemenea, suport pentru nevoile dvs. de design.<\/p>\n<\/div>\n<\/header>\n\t\t\t\t\t\t\t\t<\/div>\n\t\t\t\t<\/div>\n\t\t\t\t\t<\/div>\n\t\t\t\t<\/div>\n\t\t<div class=\"elementor-element elementor-element-4c6a1f5f e-flex e-con-boxed e-con e-parent\" data-id=\"4c6a1f5f\" data-element_type=\"container\" data-e-type=\"container\">\n\t\t\t\t\t<div class=\"e-con-inner\">\n\t\t\t\t<div class=\"elementor-element elementor-element-5cef37fa elementor-widget elementor-widget-n-accordion\" data-id=\"5cef37fa\" data-element_type=\"widget\" data-e-type=\"widget\" data-settings=\"{&quot;default_state&quot;:&quot;all_collapsed&quot;,&quot;max_items_expended&quot;:&quot;one&quot;,&quot;n_accordion_animation_duration&quot;:{&quot;unit&quot;:&quot;ms&quot;,&quot;size&quot;:400,&quot;sizes&quot;:[]}}\" data-widget_type=\"nested-accordion.default\">\n\t\t\t\t<div class=\"elementor-widget-container\">\n\t\t\t\t\t\t\t<div class=\"e-n-accordion\" aria-label=\"Accordion. Open links with Enter or Space, close with Escape, and navigate with Arrow Keys\">\n\t\t\t\t\t\t<details id=\"e-n-accordion-item-1550\" class=\"e-n-accordion-item\" >\n\t\t\t\t<summary class=\"e-n-accordion-item-title\" data-accordion-index=\"1\" tabindex=\"0\" aria-expanded=\"false\" aria-controls=\"e-n-accordion-item-1550\" >\n\t\t\t\t\t<span class='e-n-accordion-item-title-header'><div class=\"e-n-accordion-item-title-text\"> Servicii de design <\/div><\/span>\n\t\t\t\t\t\t\t<span class='e-n-accordion-item-title-icon'>\n\t\t\t<span class='e-opened' ><svg aria-hidden=\"true\" class=\"e-font-icon-svg e-fas-minus\" viewBox=\"0 0 448 512\" xmlns=\"http:\/\/www.w3.org\/2000\/svg\"><path d=\"M416 208H32c-17.67 0-32 14.33-32 32v32c0 17.67 14.33 32 32 32h384c17.67 0 32-14.33 32-32v-32c0-17.67-14.33-32-32-32z\"><\/path><\/svg><\/span>\n\t\t\t<span class='e-closed'><svg aria-hidden=\"true\" class=\"e-font-icon-svg e-fas-plus\" viewBox=\"0 0 448 512\" xmlns=\"http:\/\/www.w3.org\/2000\/svg\"><path d=\"M416 208H272V64c0-17.67-14.33-32-32-32h-32c-17.67 0-32 14.33-32 32v144H32c-17.67 0-32 14.33-32 32v32c0 17.67 14.33 32 32 32h144v144c0 17.67 14.33 32 32 32h32c17.67 0 32-14.33 32-32V304h144c17.67 0 32-14.33 32-32v-32c0-17.67-14.33-32-32-32z\"><\/path><\/svg><\/span>\n\t\t<\/span>\n\n\t\t\t\t\t\t<\/summary>\n\t\t\t\t<div role=\"region\" aria-labelledby=\"e-n-accordion-item-1550\" class=\"elementor-element elementor-element-8f65636 e-con-full e-flex e-con e-child\" data-id=\"8f65636\" data-element_type=\"container\" data-e-type=\"container\">\n\t\t\t\t<div class=\"elementor-element elementor-element-61a8bbf0 elementor-widget__width-initial elementor-widget elementor-widget-text-editor\" data-id=\"61a8bbf0\" data-element_type=\"widget\" data-e-type=\"widget\" data-widget_type=\"text-editor.default\">\n\t\t\t\t<div class=\"elementor-widget-container\">\n\t\t\t\t\t\t\t\t\t<div class=\"entry-content\">\r\n\r\nLa \u00eenceputul unui proiect nou, mai ales atunci c\u00e2nd sunt implicate tehnologii noi, este recomandat s\u0103 alege\u021bi un partener cu experien\u021b\u0103, care dispune at\u00e2t de capabilit\u0103\u021bi de proiectare, c\u00e2t \u0219i de produc\u021bie pentru pl\u0103ci multilayer, materiale speciale, pl\u0103ci flexibile \u0219i materiale cu stabilitate termic\u0103 ridicat\u0103. TECNOMETAL poate oferi suport \u00een proiectare pentru produc\u0103torii de electronice. V\u0103 rug\u0103m s\u0103 ne contacta\u021bi dac\u0103 ave\u021bi astfel de solicit\u0103ri.\r\n\r\n<\/div>\t\t\t\t\t\t\t\t<\/div>\n\t\t\t\t<\/div>\n\t\t\t\t<\/div>\n\t\t\t\t\t<\/details>\n\t\t\t\t\t\t<details id=\"e-n-accordion-item-1551\" class=\"e-n-accordion-item\" >\n\t\t\t\t<summary class=\"e-n-accordion-item-title\" data-accordion-index=\"2\" tabindex=\"-1\" aria-expanded=\"false\" aria-controls=\"e-n-accordion-item-1551\" >\n\t\t\t\t\t<span class='e-n-accordion-item-title-header'><div class=\"e-n-accordion-item-title-text\"> Prototipare rapid\u0103 PCB <\/div><\/span>\n\t\t\t\t\t\t\t<span class='e-n-accordion-item-title-icon'>\n\t\t\t<span class='e-opened' ><svg aria-hidden=\"true\" class=\"e-font-icon-svg e-fas-minus\" viewBox=\"0 0 448 512\" xmlns=\"http:\/\/www.w3.org\/2000\/svg\"><path d=\"M416 208H32c-17.67 0-32 14.33-32 32v32c0 17.67 14.33 32 32 32h384c17.67 0 32-14.33 32-32v-32c0-17.67-14.33-32-32-32z\"><\/path><\/svg><\/span>\n\t\t\t<span class='e-closed'><svg aria-hidden=\"true\" class=\"e-font-icon-svg e-fas-plus\" viewBox=\"0 0 448 512\" xmlns=\"http:\/\/www.w3.org\/2000\/svg\"><path d=\"M416 208H272V64c0-17.67-14.33-32-32-32h-32c-17.67 0-32 14.33-32 32v144H32c-17.67 0-32 14.33-32 32v32c0 17.67 14.33 32 32 32h144v144c0 17.67 14.33 32 32 32h32c17.67 0 32-14.33 32-32V304h144c17.67 0 32-14.33 32-32v-32c0-17.67-14.33-32-32-32z\"><\/path><\/svg><\/span>\n\t\t<\/span>\n\n\t\t\t\t\t\t<\/summary>\n\t\t\t\t<div role=\"region\" aria-labelledby=\"e-n-accordion-item-1551\" class=\"elementor-element elementor-element-4d3d24fd e-con-full e-flex e-con e-child\" data-id=\"4d3d24fd\" data-element_type=\"container\" data-e-type=\"container\">\n\t\t\t\t<div class=\"elementor-element elementor-element-48165b7b elementor-widget elementor-widget-text-editor\" data-id=\"48165b7b\" data-element_type=\"widget\" data-e-type=\"widget\" data-widget_type=\"text-editor.default\">\n\t\t\t\t<div class=\"elementor-widget-container\">\n\t\t\t\t\t\t\t\t\t<div class=\"entry-content\">\n<p>Ce se \u00eent\u00e2mpl\u0103 dac\u0103 ave\u021bi nevoie rapid de doar 10\u2013100 de pl\u0103ci de circuit \u0219i calitatea este esen\u021bial\u0103? De obicei, este dificil s\u0103 comanda\u021bi din afara UE, deoarece transportul \u0219i formalit\u0103\u021bile vamale sunt lente, iar pre\u021bul poate fi relativ ridicat pentru astfel de comenzi mici. Deery Brook SRL este partener al TECNOMETAL, produc\u0103tor de pl\u0103ci pentru serii mici cu timp de livrare rapid \u00een cadrul UE. Pe l\u00e2ng\u0103 capabilit\u0103\u021bile pentru prototipuri \u0219i serii mici, TECNOMETAL externalizeaz\u0103 produc\u021bia pentru volume mari la pre\u021buri competitive. Chiar \u0219i pentru aceste comenzi, comunicarea \u0219i responsabilitatea pentru calitate sunt \u00een UE. De asemenea, este disponibil\u0103 o gam\u0103 larg\u0103 de materiale. V\u0103 rug\u0103m s\u0103 ne contacta\u021bi dac\u0103 ave\u021bi astfel de solicit\u0103ri.<\/p>\n<\/div>\n\t\t\t\t\t\t\t\t<\/div>\n\t\t\t\t<\/div>\n\t\t\t\t<\/div>\n\t\t\t\t\t<\/details>\n\t\t\t\t\t<\/div>\n\t\t\t\t\t\t<\/div>\n\t\t\t\t<\/div>\n\t\t\t\t\t<\/div>\n\t\t\t\t<\/div>\n\t\t<div class=\"elementor-element elementor-element-1d25ce40 e-flex e-con-boxed e-con e-parent\" data-id=\"1d25ce40\" data-element_type=\"container\" data-e-type=\"container\" data-settings=\"{&quot;background_background&quot;:&quot;classic&quot;}\">\n\t\t\t\t\t<div class=\"e-con-inner\">\n\t\t\t\t<div class=\"elementor-element elementor-element-674c0de8 animated-slow elementor-invisible elementor-widget elementor-widget-heading\" data-id=\"674c0de8\" data-element_type=\"widget\" data-e-type=\"widget\" data-settings=\"{&quot;_animation&quot;:&quot;fadeIn&quot;}\" data-widget_type=\"heading.default\">\n\t\t\t\t<div class=\"elementor-widget-container\">\n\t\t\t\t\t<h2 class=\"elementor-heading-title elementor-size-default\">Sunte\u021bi gata s\u0103 comanda\u021bi? Contacta\u021bi-ne acum!<\/h2>\t\t\t\t<\/div>\n\t\t\t\t<\/div>\n\t\t\t\t<div class=\"elementor-element elementor-element-49ec6c51 elementor-invisible elementor-widget elementor-widget-text-editor\" data-id=\"49ec6c51\" data-element_type=\"widget\" data-e-type=\"widget\" data-settings=\"{&quot;_animation&quot;:&quot;fadeIn&quot;,&quot;_animation_delay&quot;:200}\" data-widget_type=\"text-editor.default\">\n\t\t\t\t<div class=\"elementor-widget-container\">\n\t\t\t\t\t\t\t\t\t<div class=\"elementor-element elementor-element-3559d088 elementor-widget elementor-widget-text-editor animated fadeIn\" data-id=\"3559d088\" data-element_type=\"widget\" data-e-type=\"widget\" data-settings=\"{&quot;_animation&quot;:&quot;fadeIn&quot;,&quot;_animation_delay&quot;:200}\" data-widget_type=\"text-editor.default\">\n<div class=\"elementor-widget-container\">\n<p data-start=\"99\" data-end=\"219\">Spune\u021bi-ne de ce ave\u021bi nevoie complet\u00e2nd formularul de solicitare ofert\u0103, iar noi v\u0103 vom contacta \u00een cel mai scurt timp!<\/p>\n<\/div>\n<p><\/div>\n\t\t\t\t\t\t\t\t<\/div>\n\t\t\t\t<\/div>\n\t\t\t\t<div class=\"elementor-element elementor-element-648959c6 elementor-mobile-align-justify animated-fast elementor-align-center elementor-invisible elementor-widget elementor-widget-button\" data-id=\"648959c6\" data-element_type=\"widget\" data-e-type=\"widget\" data-settings=\"{&quot;_animation&quot;:&quot;fadeIn&quot;,&quot;_animation_delay&quot;:400}\" data-widget_type=\"button.default\">\n\t\t\t\t<div class=\"elementor-widget-container\">\n\t\t\t\t\t\t\t\t\t<div class=\"elementor-button-wrapper\">\n\t\t\t\t\t<a class=\"elementor-button elementor-button-link elementor-size-sm elementor-animation-float\" href=\"#\">\n\t\t\t\t\t\t<span class=\"elementor-button-content-wrapper\">\n\t\t\t\t\t\t\t\t\t<span class=\"elementor-button-text\">Solicita\u021bi o ofert\u0103<\/span>\n\t\t\t\t\t<\/span>\n\t\t\t\t\t<\/a>\n\t\t\t\t<\/div>\n\t\t\t\t\t\t\t\t<\/div>\n\t\t\t\t<\/div>\n\t\t\t\t\t<\/div>\n\t\t\t\t<\/div>\n\t\t\t\t<\/div>\n\t\t","protected":false},"excerpt":{"rendered":"<p>Pe l\u00e2ng\u0103 furnizorii actuali de PWB (pl\u0103ci cu circuite imprimate) cu volum mare din Orientul \u00cendep\u0103rtat, \u00een multe situa\u021bii seriile mici cu timp de livrare rapid sunt esen\u021biale pentru dezvoltarea produselor. Serii mici \u0219i medii de pl\u0103ci pot fi furnizate de Tecnometal la un nivel de pre\u021b competitiv din UE. Tecnometal dispune de capabilit\u0103\u021bi tehnologice [&hellip;]<\/p>\n","protected":false},"author":19,"featured_media":0,"parent":5416,"menu_order":0,"comment_status":"closed","ping_status":"closed","template":"","meta":{"footnotes":""},"class_list":["post-4412","page","type-page","status-publish","hentry"],"yoast_head":"<!-- This site is optimized with the Yoast SEO plugin v27.6 - https:\/\/yoast.com\/product\/yoast-seo-wordpress\/ -->\n<title>Tecnometal - Deery Brook<\/title>\n<meta name=\"robots\" content=\"index, follow, max-snippet:-1, max-image-preview:large, max-video-preview:-1\" \/>\n<link rel=\"canonical\" href=\"https:\/\/deerybrook.com\/ro\/parteneri\/tecnometal\/\" \/>\n<meta property=\"og:locale\" content=\"ro_RO\" \/>\n<meta property=\"og:type\" content=\"article\" \/>\n<meta property=\"og:title\" content=\"Tecnometal - Deery Brook\" \/>\n<meta property=\"og:description\" content=\"Pe l\u00e2ng\u0103 furnizorii actuali de PWB (pl\u0103ci cu circuite imprimate) cu volum mare din Orientul \u00cendep\u0103rtat, \u00een multe situa\u021bii seriile mici cu timp de livrare rapid sunt esen\u021biale pentru dezvoltarea produselor. Serii mici \u0219i medii de pl\u0103ci pot fi furnizate de Tecnometal la un nivel de pre\u021b competitiv din UE. Tecnometal dispune de capabilit\u0103\u021bi tehnologice [&hellip;]\" \/>\n<meta property=\"og:url\" content=\"https:\/\/deerybrook.com\/ro\/parteneri\/tecnometal\/\" \/>\n<meta property=\"og:site_name\" content=\"Deery Brook\" \/>\n<meta property=\"article:modified_time\" content=\"2026-03-21T19:49:58+00:00\" \/>\n<meta property=\"og:image\" content=\"https:\/\/deerybrook.com\/wp-content\/uploads\/2024\/11\/tecnometal-logo.webp\" \/>\n\t<meta property=\"og:image:width\" content=\"371\" \/>\n\t<meta property=\"og:image:height\" content=\"72\" \/>\n\t<meta property=\"og:image:type\" content=\"image\/webp\" \/>\n<meta name=\"twitter:card\" content=\"summary_large_image\" \/>\n<meta name=\"twitter:label1\" content=\"Timp estimat pentru citire\" \/>\n\t<meta name=\"twitter:data1\" content=\"3 minute\" \/>\n<script type=\"application\/ld+json\" class=\"yoast-schema-graph\">{\"@context\":\"https:\\\/\\\/schema.org\",\"@graph\":[{\"@type\":\"WebPage\",\"@id\":\"https:\\\/\\\/deerybrook.com\\\/ro\\\/parteneri\\\/tecnometal\\\/\",\"url\":\"https:\\\/\\\/deerybrook.com\\\/ro\\\/parteneri\\\/tecnometal\\\/\",\"name\":\"Tecnometal - Deery Brook\",\"isPartOf\":{\"@id\":\"https:\\\/\\\/deerybrook.com\\\/ro\\\/#website\"},\"primaryImageOfPage\":{\"@id\":\"https:\\\/\\\/deerybrook.com\\\/ro\\\/parteneri\\\/tecnometal\\\/#primaryimage\"},\"image\":{\"@id\":\"https:\\\/\\\/deerybrook.com\\\/ro\\\/parteneri\\\/tecnometal\\\/#primaryimage\"},\"thumbnailUrl\":\"https:\\\/\\\/deerybrook.com\\\/wp-content\\\/uploads\\\/2024\\\/11\\\/tecnometal-logo.webp\",\"datePublished\":\"2024-10-16T21:17:18+00:00\",\"dateModified\":\"2026-03-21T19:49:58+00:00\",\"breadcrumb\":{\"@id\":\"https:\\\/\\\/deerybrook.com\\\/ro\\\/parteneri\\\/tecnometal\\\/#breadcrumb\"},\"inLanguage\":\"ro-RO\",\"potentialAction\":[{\"@type\":\"ReadAction\",\"target\":[\"https:\\\/\\\/deerybrook.com\\\/ro\\\/parteneri\\\/tecnometal\\\/\"]}]},{\"@type\":\"ImageObject\",\"inLanguage\":\"ro-RO\",\"@id\":\"https:\\\/\\\/deerybrook.com\\\/ro\\\/parteneri\\\/tecnometal\\\/#primaryimage\",\"url\":\"https:\\\/\\\/deerybrook.com\\\/wp-content\\\/uploads\\\/2024\\\/11\\\/tecnometal-logo.webp\",\"contentUrl\":\"https:\\\/\\\/deerybrook.com\\\/wp-content\\\/uploads\\\/2024\\\/11\\\/tecnometal-logo.webp\"},{\"@type\":\"BreadcrumbList\",\"@id\":\"https:\\\/\\\/deerybrook.com\\\/ro\\\/parteneri\\\/tecnometal\\\/#breadcrumb\",\"itemListElement\":[{\"@type\":\"ListItem\",\"position\":1,\"name\":\"Home\",\"item\":\"https:\\\/\\\/deerybrook.com\\\/ro\\\/acasa\\\/\"},{\"@type\":\"ListItem\",\"position\":2,\"name\":\"Parteneri\",\"item\":\"https:\\\/\\\/deerybrook.com\\\/ro\\\/parteneri\\\/\"},{\"@type\":\"ListItem\",\"position\":3,\"name\":\"Tecnometal\"}]},{\"@type\":\"WebSite\",\"@id\":\"https:\\\/\\\/deerybrook.com\\\/ro\\\/#website\",\"url\":\"https:\\\/\\\/deerybrook.com\\\/ro\\\/\",\"name\":\"Deery Brook\",\"description\":\"Solutions, materials and services for your electronics assembly business\",\"publisher\":{\"@id\":\"https:\\\/\\\/deerybrook.com\\\/ro\\\/#organization\"},\"potentialAction\":[{\"@type\":\"SearchAction\",\"target\":{\"@type\":\"EntryPoint\",\"urlTemplate\":\"https:\\\/\\\/deerybrook.com\\\/ro\\\/?s={search_term_string}\"},\"query-input\":{\"@type\":\"PropertyValueSpecification\",\"valueRequired\":true,\"valueName\":\"search_term_string\"}}],\"inLanguage\":\"ro-RO\"},{\"@type\":\"Organization\",\"@id\":\"https:\\\/\\\/deerybrook.com\\\/ro\\\/#organization\",\"name\":\"Deerybrook\",\"url\":\"https:\\\/\\\/deerybrook.com\\\/ro\\\/\",\"logo\":{\"@type\":\"ImageObject\",\"inLanguage\":\"ro-RO\",\"@id\":\"https:\\\/\\\/deerybrook.com\\\/ro\\\/#\\\/schema\\\/logo\\\/image\\\/\",\"url\":\"https:\\\/\\\/deerybrook.com\\\/wp-content\\\/uploads\\\/2019\\\/10\\\/deerybrook-logo-text-black.png\",\"contentUrl\":\"https:\\\/\\\/deerybrook.com\\\/wp-content\\\/uploads\\\/2019\\\/10\\\/deerybrook-logo-text-black.png\",\"width\":518,\"height\":125,\"caption\":\"Deerybrook\"},\"image\":{\"@id\":\"https:\\\/\\\/deerybrook.com\\\/ro\\\/#\\\/schema\\\/logo\\\/image\\\/\"}}]}<\/script>\n<!-- \/ Yoast SEO plugin. -->","yoast_head_json":{"title":"Tecnometal - Deery Brook","robots":{"index":"index","follow":"follow","max-snippet":"max-snippet:-1","max-image-preview":"max-image-preview:large","max-video-preview":"max-video-preview:-1"},"canonical":"https:\/\/deerybrook.com\/ro\/parteneri\/tecnometal\/","og_locale":"ro_RO","og_type":"article","og_title":"Tecnometal - Deery Brook","og_description":"Pe l\u00e2ng\u0103 furnizorii actuali de PWB (pl\u0103ci cu circuite imprimate) cu volum mare din Orientul \u00cendep\u0103rtat, \u00een multe situa\u021bii seriile mici cu timp de livrare rapid sunt esen\u021biale pentru dezvoltarea produselor. Serii mici \u0219i medii de pl\u0103ci pot fi furnizate de Tecnometal la un nivel de pre\u021b competitiv din UE. Tecnometal dispune de capabilit\u0103\u021bi tehnologice [&hellip;]","og_url":"https:\/\/deerybrook.com\/ro\/parteneri\/tecnometal\/","og_site_name":"Deery Brook","article_modified_time":"2026-03-21T19:49:58+00:00","og_image":[{"width":371,"height":72,"url":"https:\/\/deerybrook.com\/wp-content\/uploads\/2024\/11\/tecnometal-logo.webp","type":"image\/webp"}],"twitter_card":"summary_large_image","twitter_misc":{"Timp estimat pentru citire":"3 minute"},"schema":{"@context":"https:\/\/schema.org","@graph":[{"@type":"WebPage","@id":"https:\/\/deerybrook.com\/ro\/parteneri\/tecnometal\/","url":"https:\/\/deerybrook.com\/ro\/parteneri\/tecnometal\/","name":"Tecnometal - Deery Brook","isPartOf":{"@id":"https:\/\/deerybrook.com\/ro\/#website"},"primaryImageOfPage":{"@id":"https:\/\/deerybrook.com\/ro\/parteneri\/tecnometal\/#primaryimage"},"image":{"@id":"https:\/\/deerybrook.com\/ro\/parteneri\/tecnometal\/#primaryimage"},"thumbnailUrl":"https:\/\/deerybrook.com\/wp-content\/uploads\/2024\/11\/tecnometal-logo.webp","datePublished":"2024-10-16T21:17:18+00:00","dateModified":"2026-03-21T19:49:58+00:00","breadcrumb":{"@id":"https:\/\/deerybrook.com\/ro\/parteneri\/tecnometal\/#breadcrumb"},"inLanguage":"ro-RO","potentialAction":[{"@type":"ReadAction","target":["https:\/\/deerybrook.com\/ro\/parteneri\/tecnometal\/"]}]},{"@type":"ImageObject","inLanguage":"ro-RO","@id":"https:\/\/deerybrook.com\/ro\/parteneri\/tecnometal\/#primaryimage","url":"https:\/\/deerybrook.com\/wp-content\/uploads\/2024\/11\/tecnometal-logo.webp","contentUrl":"https:\/\/deerybrook.com\/wp-content\/uploads\/2024\/11\/tecnometal-logo.webp"},{"@type":"BreadcrumbList","@id":"https:\/\/deerybrook.com\/ro\/parteneri\/tecnometal\/#breadcrumb","itemListElement":[{"@type":"ListItem","position":1,"name":"Home","item":"https:\/\/deerybrook.com\/ro\/acasa\/"},{"@type":"ListItem","position":2,"name":"Parteneri","item":"https:\/\/deerybrook.com\/ro\/parteneri\/"},{"@type":"ListItem","position":3,"name":"Tecnometal"}]},{"@type":"WebSite","@id":"https:\/\/deerybrook.com\/ro\/#website","url":"https:\/\/deerybrook.com\/ro\/","name":"Deery Brook","description":"Solutions, materials and services for your electronics assembly business","publisher":{"@id":"https:\/\/deerybrook.com\/ro\/#organization"},"potentialAction":[{"@type":"SearchAction","target":{"@type":"EntryPoint","urlTemplate":"https:\/\/deerybrook.com\/ro\/?s={search_term_string}"},"query-input":{"@type":"PropertyValueSpecification","valueRequired":true,"valueName":"search_term_string"}}],"inLanguage":"ro-RO"},{"@type":"Organization","@id":"https:\/\/deerybrook.com\/ro\/#organization","name":"Deerybrook","url":"https:\/\/deerybrook.com\/ro\/","logo":{"@type":"ImageObject","inLanguage":"ro-RO","@id":"https:\/\/deerybrook.com\/ro\/#\/schema\/logo\/image\/","url":"https:\/\/deerybrook.com\/wp-content\/uploads\/2019\/10\/deerybrook-logo-text-black.png","contentUrl":"https:\/\/deerybrook.com\/wp-content\/uploads\/2019\/10\/deerybrook-logo-text-black.png","width":518,"height":125,"caption":"Deerybrook"},"image":{"@id":"https:\/\/deerybrook.com\/ro\/#\/schema\/logo\/image\/"}}]}},"_links":{"self":[{"href":"https:\/\/deerybrook.com\/ro\/wp-json\/wp\/v2\/pages\/4412","targetHints":{"allow":["GET"]}}],"collection":[{"href":"https:\/\/deerybrook.com\/ro\/wp-json\/wp\/v2\/pages"}],"about":[{"href":"https:\/\/deerybrook.com\/ro\/wp-json\/wp\/v2\/types\/page"}],"author":[{"embeddable":true,"href":"https:\/\/deerybrook.com\/ro\/wp-json\/wp\/v2\/users\/19"}],"replies":[{"embeddable":true,"href":"https:\/\/deerybrook.com\/ro\/wp-json\/wp\/v2\/comments?post=4412"}],"version-history":[{"count":4,"href":"https:\/\/deerybrook.com\/ro\/wp-json\/wp\/v2\/pages\/4412\/revisions"}],"predecessor-version":[{"id":7362,"href":"https:\/\/deerybrook.com\/ro\/wp-json\/wp\/v2\/pages\/4412\/revisions\/7362"}],"up":[{"embeddable":true,"href":"https:\/\/deerybrook.com\/ro\/wp-json\/wp\/v2\/pages\/5416"}],"wp:attachment":[{"href":"https:\/\/deerybrook.com\/ro\/wp-json\/wp\/v2\/media?parent=4412"}],"curies":[{"name":"wp","href":"https:\/\/api.w.org\/{rel}","templated":true}]}}