{"id":7406,"date":"2024-11-10T21:25:26","date_gmt":"2024-11-10T21:25:26","guid":{"rendered":"https:\/\/deerybrook.com\/gdpr-policy\/"},"modified":"2026-03-21T20:15:47","modified_gmt":"2026-03-21T20:15:47","slug":"gdpr-policy","status":"publish","type":"page","link":"https:\/\/deerybrook.com\/ro\/gdpr-policy\/","title":{"rendered":"Politica GDPR"},"content":{"rendered":"\t\t<div data-elementor-type=\"wp-page\" data-elementor-id=\"7406\" class=\"elementor elementor-7406 elementor-5869\" data-elementor-post-type=\"page\">\n\t\t\t\t<div class=\"elementor-element elementor-element-27ed2c3 e-flex e-con-boxed e-con e-parent\" data-id=\"27ed2c3\" data-element_type=\"container\" data-e-type=\"container\">\n\t\t\t\t\t<div class=\"e-con-inner\">\n\t\t\t\t<div class=\"elementor-element elementor-element-0efa61c elementor-widget elementor-widget-text-editor\" data-id=\"0efa61c\" data-element_type=\"widget\" data-e-type=\"widget\" data-widget_type=\"text-editor.default\">\n\t\t\t\t<div class=\"elementor-widget-container\">\n\t\t\t\t\t\t\t\t\t<p data-start=\"47\" data-end=\"558\">\u00cen conformitate cu Regulamentul (UE) 2016\/679 privind protec\u021bia persoanelor fizice \u00een ceea ce prive\u0219te prelucrarea datelor cu caracter personal \u0219i libera circula\u021bie a acestor date \u0219i de abrogare a Directivei 95\/46\/CE (Regulamentul general privind protec\u021bia datelor \u2013 GDPR), SC DEERY BROOK SRL are obliga\u021bia de a p\u0103stra \u00een condi\u021bii de siguran\u021b\u0103 \u0219i exclusiv \u00een scopurile specificate datele cu caracter personal pe care ni le furniza\u021bi despre dumneavoastr\u0103, un membru al familiei dumneavoastr\u0103 sau o alt\u0103 persoan\u0103.<\/p><p data-start=\"560\" data-end=\"673\">Scopul colect\u0103rii datelor este: transmiterea mesajelor din formularul de contact \u0219i trimiterea ofertelor noastre.<\/p><p data-start=\"675\" data-end=\"882\">Nu sunte\u021bi obligat s\u0103 furniza\u021bi datele, acestea fiind necesare pentru a putea intra \u00een leg\u0103tur\u0103 cu dumneavoastr\u0103 prin e-mail. Refuzul furniz\u0103rii acestora determin\u0103 continuarea comunic\u0103rii prin alte mijloace.<\/p><p data-start=\"884\" data-end=\"1011\">Informa\u021biile \u00eenregistrate sunt destinate utiliz\u0103rii de c\u0103tre operator \u0219i sunt comunicate doar urm\u0103torilor destinatari: nim\u0103nui.<\/p><p data-start=\"1013\" data-end=\"1550\">Conform Regulamentului (UE) 2016\/679, beneficia\u021bi de dreptul de acces, de interven\u021bie asupra datelor, dreptul de a nu fi supus unei decizii individuale \u0219i dreptul de a v\u0103 adresa instan\u021bei. Totodat\u0103, ave\u021bi dreptul de a v\u0103 opune prelucr\u0103rii datelor cu caracter personal care v\u0103 privesc \u0219i de a solicita \u0219tergerea acestora*. Pentru exercitarea acestor drepturi, pute\u021bi transmite o cerere scris\u0103, datat\u0103 \u0219i semnat\u0103 la sediul nostru din Strada Calea Aradului nr. 5, Timi\u0219oara. De asemenea, v\u0103 este recunoscut dreptul de a v\u0103 adresa justi\u021biei.<\/p><p data-start=\"1552\" data-end=\"1610\">Datele dumneavoastr\u0103 NU vor fi transferate \u00een str\u0103in\u0103tate.<\/p><p data-start=\"1612\" data-end=\"1722\">Dac\u0103 unele dintre datele despre dumneavoastr\u0103 sunt incorecte, v\u0103 rug\u0103m s\u0103 ne informa\u021bi c\u00e2t mai cur\u00e2nd posibil.<\/p><p data-start=\"1724\" data-end=\"1737\">Observa\u021bii:<\/p><ul data-start=\"1738\" data-end=\"2281\"><li data-section-id=\"cipafz\" data-start=\"1738\" data-end=\"2112\">orice persoan\u0103 are dreptul de a se opune, din motive legitime, prelucr\u0103rii datelor care o privesc. Acest drept de opozi\u021bie poate fi exclus pentru anumite prelucr\u0103ri prev\u0103zute de lege (de exemplu: prelucr\u0103ri efectuate de servicii financiare \u0219i fiscale, poli\u021bie, justi\u021bie, securitate social\u0103). Prin urmare, aceast\u0103 men\u021biune nu poate ap\u0103rea dac\u0103 prelucrarea este obligatorie;<\/li><li data-section-id=\"16qe97m\" data-start=\"2114\" data-end=\"2281\">orice persoan\u0103 are, de asemenea, dreptul de a se opune, gratuit \u0219i f\u0103r\u0103 nicio justificare, prelucr\u0103rii datelor sale cu caracter personal \u00een scop de marketing direct.<\/li><\/ul><p data-start=\"2283\" data-end=\"2502\" data-is-last-node=\"\" data-is-only-node=\"\">Modul \u201everbal\u201d de informare este utilizat, \u00een mod excep\u021bional, \u00een situa\u021bia \u00een care informa\u021biile nu pot fi furnizate prin alte mijloace (de exemplu: informarea prin convorbiri telefonice, dac\u0103 acestea sunt \u00eenregistrate).<\/p>\t\t\t\t\t\t\t\t<\/div>\n\t\t\t\t<\/div>\n\t\t\t\t\t<\/div>\n\t\t\t\t<\/div>\n\t\t\t\t<\/div>\n\t\t","protected":false},"excerpt":{"rendered":"<p>\u00cen conformitate cu Regulamentul (UE) 2016\/679 privind protec\u021bia persoanelor fizice \u00een ceea ce prive\u0219te prelucrarea datelor cu caracter personal \u0219i libera circula\u021bie a acestor date \u0219i de abrogare a Directivei 95\/46\/CE (Regulamentul general privind protec\u021bia datelor \u2013 GDPR), SC DEERY BROOK SRL are obliga\u021bia de a p\u0103stra \u00een condi\u021bii de siguran\u021b\u0103 \u0219i exclusiv \u00een scopurile [&hellip;]<\/p>\n","protected":false},"author":19,"featured_media":0,"parent":0,"menu_order":0,"comment_status":"closed","ping_status":"closed","template":"","meta":{"footnotes":""},"class_list":["post-7406","page","type-page","status-publish","hentry"],"yoast_head":"<!-- This site is optimized with the Yoast SEO plugin v27.4 - https:\/\/yoast.com\/product\/yoast-seo-wordpress\/ -->\n<title>Politica GDPR - Deery Brook<\/title>\n<meta name=\"robots\" content=\"index, follow, max-snippet:-1, max-image-preview:large, max-video-preview:-1\" \/>\n<link rel=\"canonical\" href=\"https:\/\/deerybrook.com\/ro\/gdpr-policy\/\" \/>\n<meta property=\"og:locale\" content=\"ro_RO\" \/>\n<meta property=\"og:type\" content=\"article\" \/>\n<meta property=\"og:title\" content=\"Politica GDPR - Deery Brook\" \/>\n<meta property=\"og:description\" content=\"\u00cen conformitate cu Regulamentul (UE) 2016\/679 privind protec\u021bia persoanelor fizice \u00een ceea ce prive\u0219te prelucrarea datelor cu caracter personal \u0219i libera circula\u021bie a acestor date \u0219i de abrogare a Directivei 95\/46\/CE (Regulamentul general privind protec\u021bia datelor \u2013 GDPR), SC DEERY BROOK SRL are obliga\u021bia de a p\u0103stra \u00een condi\u021bii de siguran\u021b\u0103 \u0219i exclusiv \u00een scopurile [&hellip;]\" \/>\n<meta property=\"og:url\" content=\"https:\/\/deerybrook.com\/ro\/gdpr-policy\/\" \/>\n<meta property=\"og:site_name\" content=\"Deery Brook\" \/>\n<meta property=\"article:modified_time\" content=\"2026-03-21T20:15:47+00:00\" \/>\n<meta name=\"twitter:card\" content=\"summary_large_image\" \/>\n<meta name=\"twitter:label1\" content=\"Timp estimat pentru citire\" \/>\n\t<meta name=\"twitter:data1\" content=\"2 minute\" \/>\n<script type=\"application\/ld+json\" class=\"yoast-schema-graph\">{\"@context\":\"https:\\\/\\\/schema.org\",\"@graph\":[{\"@type\":\"WebPage\",\"@id\":\"https:\\\/\\\/deerybrook.com\\\/ro\\\/gdpr-policy\\\/\",\"url\":\"https:\\\/\\\/deerybrook.com\\\/ro\\\/gdpr-policy\\\/\",\"name\":\"Politica GDPR - Deery Brook\",\"isPartOf\":{\"@id\":\"https:\\\/\\\/deerybrook.com\\\/ro\\\/#website\"},\"datePublished\":\"2024-11-10T21:25:26+00:00\",\"dateModified\":\"2026-03-21T20:15:47+00:00\",\"breadcrumb\":{\"@id\":\"https:\\\/\\\/deerybrook.com\\\/ro\\\/gdpr-policy\\\/#breadcrumb\"},\"inLanguage\":\"ro-RO\",\"potentialAction\":[{\"@type\":\"ReadAction\",\"target\":[\"https:\\\/\\\/deerybrook.com\\\/ro\\\/gdpr-policy\\\/\"]}]},{\"@type\":\"BreadcrumbList\",\"@id\":\"https:\\\/\\\/deerybrook.com\\\/ro\\\/gdpr-policy\\\/#breadcrumb\",\"itemListElement\":[{\"@type\":\"ListItem\",\"position\":1,\"name\":\"Home\",\"item\":\"https:\\\/\\\/deerybrook.com\\\/ro\\\/acasa\\\/\"},{\"@type\":\"ListItem\",\"position\":2,\"name\":\"Politica GDPR\"}]},{\"@type\":\"WebSite\",\"@id\":\"https:\\\/\\\/deerybrook.com\\\/ro\\\/#website\",\"url\":\"https:\\\/\\\/deerybrook.com\\\/ro\\\/\",\"name\":\"Deery Brook\",\"description\":\"Solutions, materials and services for your electronics assembly business\",\"publisher\":{\"@id\":\"https:\\\/\\\/deerybrook.com\\\/ro\\\/#organization\"},\"potentialAction\":[{\"@type\":\"SearchAction\",\"target\":{\"@type\":\"EntryPoint\",\"urlTemplate\":\"https:\\\/\\\/deerybrook.com\\\/ro\\\/?s={search_term_string}\"},\"query-input\":{\"@type\":\"PropertyValueSpecification\",\"valueRequired\":true,\"valueName\":\"search_term_string\"}}],\"inLanguage\":\"ro-RO\"},{\"@type\":\"Organization\",\"@id\":\"https:\\\/\\\/deerybrook.com\\\/ro\\\/#organization\",\"name\":\"Deerybrook\",\"url\":\"https:\\\/\\\/deerybrook.com\\\/ro\\\/\",\"logo\":{\"@type\":\"ImageObject\",\"inLanguage\":\"ro-RO\",\"@id\":\"https:\\\/\\\/deerybrook.com\\\/ro\\\/#\\\/schema\\\/logo\\\/image\\\/\",\"url\":\"https:\\\/\\\/deerybrook.com\\\/wp-content\\\/uploads\\\/2019\\\/10\\\/deerybrook-logo-text-black.png\",\"contentUrl\":\"https:\\\/\\\/deerybrook.com\\\/wp-content\\\/uploads\\\/2019\\\/10\\\/deerybrook-logo-text-black.png\",\"width\":518,\"height\":125,\"caption\":\"Deerybrook\"},\"image\":{\"@id\":\"https:\\\/\\\/deerybrook.com\\\/ro\\\/#\\\/schema\\\/logo\\\/image\\\/\"}}]}<\/script>\n<!-- \/ Yoast SEO plugin. -->","yoast_head_json":{"title":"Politica GDPR - Deery Brook","robots":{"index":"index","follow":"follow","max-snippet":"max-snippet:-1","max-image-preview":"max-image-preview:large","max-video-preview":"max-video-preview:-1"},"canonical":"https:\/\/deerybrook.com\/ro\/gdpr-policy\/","og_locale":"ro_RO","og_type":"article","og_title":"Politica GDPR - Deery Brook","og_description":"\u00cen conformitate cu Regulamentul (UE) 2016\/679 privind protec\u021bia persoanelor fizice \u00een ceea ce prive\u0219te prelucrarea datelor cu caracter personal \u0219i libera circula\u021bie a acestor date \u0219i de abrogare a Directivei 95\/46\/CE (Regulamentul general privind protec\u021bia datelor \u2013 GDPR), SC DEERY BROOK SRL are obliga\u021bia de a p\u0103stra \u00een condi\u021bii de siguran\u021b\u0103 \u0219i exclusiv \u00een scopurile [&hellip;]","og_url":"https:\/\/deerybrook.com\/ro\/gdpr-policy\/","og_site_name":"Deery Brook","article_modified_time":"2026-03-21T20:15:47+00:00","twitter_card":"summary_large_image","twitter_misc":{"Timp estimat pentru citire":"2 minute"},"schema":{"@context":"https:\/\/schema.org","@graph":[{"@type":"WebPage","@id":"https:\/\/deerybrook.com\/ro\/gdpr-policy\/","url":"https:\/\/deerybrook.com\/ro\/gdpr-policy\/","name":"Politica GDPR - Deery Brook","isPartOf":{"@id":"https:\/\/deerybrook.com\/ro\/#website"},"datePublished":"2024-11-10T21:25:26+00:00","dateModified":"2026-03-21T20:15:47+00:00","breadcrumb":{"@id":"https:\/\/deerybrook.com\/ro\/gdpr-policy\/#breadcrumb"},"inLanguage":"ro-RO","potentialAction":[{"@type":"ReadAction","target":["https:\/\/deerybrook.com\/ro\/gdpr-policy\/"]}]},{"@type":"BreadcrumbList","@id":"https:\/\/deerybrook.com\/ro\/gdpr-policy\/#breadcrumb","itemListElement":[{"@type":"ListItem","position":1,"name":"Home","item":"https:\/\/deerybrook.com\/ro\/acasa\/"},{"@type":"ListItem","position":2,"name":"Politica GDPR"}]},{"@type":"WebSite","@id":"https:\/\/deerybrook.com\/ro\/#website","url":"https:\/\/deerybrook.com\/ro\/","name":"Deery Brook","description":"Solutions, materials and services for your electronics assembly business","publisher":{"@id":"https:\/\/deerybrook.com\/ro\/#organization"},"potentialAction":[{"@type":"SearchAction","target":{"@type":"EntryPoint","urlTemplate":"https:\/\/deerybrook.com\/ro\/?s={search_term_string}"},"query-input":{"@type":"PropertyValueSpecification","valueRequired":true,"valueName":"search_term_string"}}],"inLanguage":"ro-RO"},{"@type":"Organization","@id":"https:\/\/deerybrook.com\/ro\/#organization","name":"Deerybrook","url":"https:\/\/deerybrook.com\/ro\/","logo":{"@type":"ImageObject","inLanguage":"ro-RO","@id":"https:\/\/deerybrook.com\/ro\/#\/schema\/logo\/image\/","url":"https:\/\/deerybrook.com\/wp-content\/uploads\/2019\/10\/deerybrook-logo-text-black.png","contentUrl":"https:\/\/deerybrook.com\/wp-content\/uploads\/2019\/10\/deerybrook-logo-text-black.png","width":518,"height":125,"caption":"Deerybrook"},"image":{"@id":"https:\/\/deerybrook.com\/ro\/#\/schema\/logo\/image\/"}}]}},"_links":{"self":[{"href":"https:\/\/deerybrook.com\/ro\/wp-json\/wp\/v2\/pages\/7406","targetHints":{"allow":["GET"]}}],"collection":[{"href":"https:\/\/deerybrook.com\/ro\/wp-json\/wp\/v2\/pages"}],"about":[{"href":"https:\/\/deerybrook.com\/ro\/wp-json\/wp\/v2\/types\/page"}],"author":[{"embeddable":true,"href":"https:\/\/deerybrook.com\/ro\/wp-json\/wp\/v2\/users\/19"}],"replies":[{"embeddable":true,"href":"https:\/\/deerybrook.com\/ro\/wp-json\/wp\/v2\/comments?post=7406"}],"version-history":[{"count":5,"href":"https:\/\/deerybrook.com\/ro\/wp-json\/wp\/v2\/pages\/7406\/revisions"}],"predecessor-version":[{"id":7423,"href":"https:\/\/deerybrook.com\/ro\/wp-json\/wp\/v2\/pages\/7406\/revisions\/7423"}],"wp:attachment":[{"href":"https:\/\/deerybrook.com\/ro\/wp-json\/wp\/v2\/media?parent=7406"}],"curies":[{"name":"wp","href":"https:\/\/api.w.org\/{rel}","templated":true}]}}